{"id":9652,"date":"2024-05-27T10:19:47","date_gmt":"2024-05-27T08:19:47","guid":{"rendered":"https:\/\/ach-gonar.com\/?page_id=9652"},"modified":"2024-06-17T16:07:35","modified_gmt":"2024-06-17T14:07:35","slug":"cor-vision-plus","status":"publish","type":"page","link":"https:\/\/cerramientosnakiva.com\/index.php\/cor-vision-plus\/","title":{"rendered":"COR VISION PLUS"},"content":{"rendered":"<p>[et_pb_section fb_built=\u00bb1&#8243; _builder_version=\u00bb4.25.1&#8243; background_image=\u00bbhttp:\/\/ach-gonar.com\/wp-content\/uploads\/2024\/05\/FondoCVP.jpg\u00bb parallax=\u00bbon\u00bb parallax_method=\u00bboff\u00bb bottom_divider_style=\u00bbarrow2&#8243; bottom_divider_color=\u00bb#ffffff\u00bb bottom_divider_height_tablet=\u00bb\u00bb bottom_divider_height_phone=\u00bb63px\u00bb bottom_divider_height_last_edited=\u00bbon|phone\u00bb global_colors_info=\u00bb{}\u00bb][et_pb_row custom_padding_last_edited=\u00bbon|phone\u00bb _builder_version=\u00bb4.25.1&#8243; background_size=\u00bbinitial\u00bb background_position=\u00bbtop_left\u00bb background_repeat=\u00bbrepeat\u00bb custom_padding=\u00bb50px|0px|60px|0px\u00bb custom_padding_tablet=\u00bb50px|0px|60px|0px\u00bb custom_padding_phone=\u00bb12px||6px||false|false\u00bb global_colors_info=\u00bb{}\u00bb][et_pb_column type=\u00bb4_4&#8243; _builder_version=\u00bb4.16&#8243; custom_padding=\u00bb|||\u00bb global_colors_info=\u00bb{}\u00bb custom_padding__hover=\u00bb|||\u00bb][et_pb_text disabled_on=\u00bboff|off|off\u00bb _builder_version=\u00bb4.25.1&#8243; text_font=\u00bb|800|||||||\u00bb text_text_color=\u00bbrgba(127,175,208,0.25)\u00bb text_font_size=\u00bb100px\u00bb header_font=\u00bb||||||||\u00bb text_orientation=\u00bbcenter\u00bb custom_margin=\u00bb||-7px|\u00bb animation_style=\u00bbzoom\u00bb text_font_size_tablet=\u00bb100px\u00bb text_font_size_phone=\u00bb25px\u00bb text_font_size_last_edited=\u00bbon|phone\u00bb global_colors_info=\u00bb{}\u00bb]<\/p>\n<p><span style=\"color: #333333;\">CORREDERA<\/span><\/p>\n<p>[\/et_pb_text][et_pb_text _builder_version=\u00bb4.25.1&#8243; text_font=\u00bb||||||||\u00bb header_font=\u00bb||||||||\u00bb header_2_font=\u00bb|800|||||||\u00bb header_2_text_align=\u00bbcenter\u00bb header_2_text_color=\u00bb#ffffff\u00bb header_2_font_size=\u00bb60px\u00bb background_layout=\u00bbdark\u00bb custom_margin=\u00bb||20px|\u00bb animation_style=\u00bbslide\u00bb animation_direction=\u00bbbottom\u00bb header_2_font_size_tablet=\u00bb\u00bb header_2_font_size_phone=\u00bb30px\u00bb header_2_font_size_last_edited=\u00bbon|phone\u00bb header_2_text_shadow_style=\u00bbpreset2&#8243; header_2_text_shadow_horizontal_length=\u00bb0em\u00bb header_2_text_shadow_vertical_length=\u00bb0.1em\u00bb header_2_text_shadow_blur_strength=\u00bb0.1em\u00bb header_2_text_shadow_color=\u00bbrgba(0,0,0,0.3)\u00bb global_colors_info=\u00bb{}\u00bb]<\/p>\n<h2>COR VISION PLUS<\/h2>\n<p>[\/et_pb_text][et_pb_button button_url=\u00bbhttps:\/\/cerramientosnakiva.com\/wp-content\/uploads\/2024\/05\/CVP-NK-FT.pdf\u00bb url_new_window=\u00bbon\u00bb button_text=\u00bbFicha T\u00e9cnica\u00bb button_alignment=\u00bbcenter\u00bb module_class=\u00bbdownload-button\u00bb _builder_version=\u00bb4.25.1&#8243; custom_button=\u00bbon\u00bb button_text_size=\u00bb18px\u00bb button_text_color=\u00bb#ffffff\u00bb button_bg_use_color_gradient=\u00bbon\u00bb button_bg_color_gradient_direction=\u00bb135deg\u00bb button_bg_color_gradient_stops=\u00bb#e0cd00 0%|#d68e00 100%\u00bb button_bg_color_gradient_start=\u00bb#e0cd00&#8243; button_bg_color_gradient_end=\u00bb#d68e00&#8243; button_border_width=\u00bb0px\u00bb button_border_radius=\u00bb42px\u00bb button_letter_spacing=\u00bb1px\u00bb button_font=\u00bb|700||on|||||\u00bb button_use_icon=\u00bboff\u00bb custom_margin=\u00bb25px|||\u00bb custom_padding=\u00bb|25px||25px\u00bb animation_style=\u00bbzoom\u00bb hover_enabled=\u00bb0&#8243; box_shadow_style=\u00bbpreset1&#8243; box_shadow_blur=\u00bb35px\u00bb box_shadow_color=\u00bbrgba(0,0,0,0.38)\u00bb button_text_color_hover=\u00bb#1e5096&#8243; global_colors_info=\u00bb{}\u00bb button_text_size__hover_enabled=\u00bboff\u00bb button_one_text_size__hover_enabled=\u00bboff\u00bb button_two_text_size__hover_enabled=\u00bboff\u00bb button_text_color__hover_enabled=\u00bbon\u00bb button_text_color__hover=\u00bb#1e5096&#8243; button_one_text_color__hover_enabled=\u00bboff\u00bb button_two_text_color__hover_enabled=\u00bboff\u00bb button_border_width__hover_enabled=\u00bboff\u00bb button_one_border_width__hover_enabled=\u00bboff\u00bb button_two_border_width__hover_enabled=\u00bboff\u00bb button_border_color__hover_enabled=\u00bboff\u00bb button_one_border_color__hover_enabled=\u00bboff\u00bb button_two_border_color__hover_enabled=\u00bboff\u00bb button_border_radius__hover_enabled=\u00bboff\u00bb button_one_border_radius__hover_enabled=\u00bboff\u00bb button_two_border_radius__hover_enabled=\u00bboff\u00bb button_letter_spacing__hover_enabled=\u00bboff\u00bb button_one_letter_spacing__hover_enabled=\u00bboff\u00bb button_two_letter_spacing__hover_enabled=\u00bboff\u00bb button_bg_color__hover_enabled=\u00bboff\u00bb button_one_bg_color__hover_enabled=\u00bboff\u00bb button_two_bg_color__hover_enabled=\u00bboff\u00bb sticky_enabled=\u00bb0&#8243;][\/et_pb_button][\/et_pb_column][\/et_pb_row][\/et_pb_section][et_pb_section fb_built=\u00bb1&#8243; custom_padding_last_edited=\u00bbon|phone\u00bb _builder_version=\u00bb4.25.1&#8243; background_color=\u00bb#ffffff\u00bb custom_padding=\u00bb61px|0px|51px|0px|false|false\u00bb custom_padding_tablet=\u00bb\u00bb custom_padding_phone=\u00bb||24px||false|false\u00bb top_divider_color=\u00bb#f5f5f5&#8243; bottom_divider_color=\u00bb#6B6B6B\u00bb bottom_divider_height=\u00bb50px\u00bb bottom_divider_flip=\u00bbvertical\u00bb bottom_divider_height_tablet=\u00bb\u00bb bottom_divider_height_phone=\u00bb40px\u00bb bottom_divider_height_last_edited=\u00bbon|phone\u00bb global_colors_info=\u00bb{}\u00bb][et_pb_row column_structure=\u00bb2_3,1_3&#8243; custom_padding_last_edited=\u00bbon|phone\u00bb _builder_version=\u00bb4.25.1&#8243; background_size=\u00bbinitial\u00bb background_position=\u00bbtop_left\u00bb background_repeat=\u00bbrepeat\u00bb custom_padding=\u00bb0px|0px|0px|0px|false|false\u00bb custom_padding_tablet=\u00bb\u00bb custom_padding_phone=\u00bb||0px|\u00bb global_colors_info=\u00bb{}\u00bb][et_pb_column type=\u00bb2_3&#8243; _builder_version=\u00bb4.16&#8243; custom_padding=\u00bb|||\u00bb global_colors_info=\u00bb{}\u00bb custom_padding__hover=\u00bb|||\u00bb][et_pb_text admin_label=\u00bbDescripci\u00f3n-CV\u00bb _builder_version=\u00bb4.25.1&#8243; text_font=\u00bb||||||||\u00bb text_font_size=\u00bb20px\u00bb text_line_height=\u00bb1.78em\u00bb header_font=\u00bb||||||||\u00bb header_2_font=\u00bb|800|||||||\u00bb header_2_text_color=\u00bb#1e5096&#8243; header_2_font_size=\u00bb36px\u00bb custom_margin=\u00bb||20px|\u00bb animation_style=\u00bbslide\u00bb animation_direction=\u00bbbottom\u00bb header_2_font_size_tablet=\u00bb\u00bb header_2_font_size_phone=\u00bb30px\u00bb header_2_font_size_last_edited=\u00bbon|phone\u00bb global_colors_info=\u00bb{}\u00bb]<\/p>\n<p><strong>La grandeza del minimalismo<\/strong><span>\u00a0se refleja en esta corredera de\u00a0<\/span><strong>grandes dimensiones<span>\u00a0<\/span><\/strong><span>con hojas de hasta 4 metros,\u00a0<\/span><strong>nudo central de tan solo 25 mm y marcos embutidos perimetralmente,<\/strong><span>\u00a0permitiendo una superficie\u00a0<\/span><strong>acristalada de hasta el 94 %<\/strong><span>. Presenta una capacidad de acristalamiento m\u00e1xima de 56 mm, ofreciendo unas<\/span><strong><span>\u00a0<\/span>excelentes prestaciones t\u00e9rmicas y ac\u00fasticas.<\/strong><span>\u00a0Disponible con sistema de\u00a0<\/span><strong>apertura manual<span>\u00a0<\/span><\/strong><span>(hasta 400 kg) o\u00a0<\/span><strong>motorizada<\/strong><span>\u00a0(hasta 700 kg). Por su parte, la\u00a0<\/span><strong>accesibilidad<span>\u00a0<\/span><\/strong><span>se ve favorecida por la\u00a0<\/span><strong>posibilidad de embutir el carril e incluso integrarlo totalmente con el suelo.<\/strong><\/p>\n<p>[\/et_pb_text][et_pb_text content_tablet=\u00bb<\/p>\n<p><strong>Posibilidades<\/strong><br \/>\u00bb Accesibilidad<br \/>\u00bb Herraje de seguridad<br \/>\u00bb Drenaje oculto<\/p>\n<p>\u00bb content_phone=\u00bb<\/p>\n<p style=%22text-align: left;%22><strong>Posibilidades<\/strong><br \/>\u00bb<strong> Cierre en el nudo central<\/strong> que permite ocultar las hojas dentro del marco desde una vista frontal.<br \/>\u00bb <strong>Cierre embutido<\/strong> que facilita el cruce de hojas.<br \/>\u00bb <strong>Accesibilidad<\/strong><\/p>\n<p>\u00bb content_last_edited=\u00bbon|phone\u00bb _builder_version=\u00bb4.25.1&#8243; text_font=\u00bb||||||||\u00bb text_font_size=\u00bb20px\u00bb text_line_height=\u00bb1.78em\u00bb header_font=\u00bb||||||||\u00bb header_2_font=\u00bb|800|||||||\u00bb header_2_text_color=\u00bb#1e5096&#8243; header_2_font_size=\u00bb36px\u00bb custom_margin=\u00bb||20px|\u00bb animation_style=\u00bbslide\u00bb animation_direction=\u00bbbottom\u00bb header_2_font_size_tablet=\u00bb\u00bb header_2_font_size_phone=\u00bb30px\u00bb header_2_font_size_last_edited=\u00bbon|phone\u00bb global_colors_info=\u00bb{}\u00bb]<\/p>\n<p><strong>Posibilidades<\/strong><br \/><span><\/span><span><\/span><\/p>\n<p><span>\u00bb <strong>Automatizaci\u00f3n<\/strong><br \/>\u00bb <strong>Accesibilidad<\/strong><br \/>\u00bb <strong>Bloqueo con llave interior y exterior<\/strong>. Integraci\u00f3n del cierre en el perfil con la misma est\u00e9tica minimalista.<\/span><\/p>\n<p>[\/et_pb_text][et_pb_divider color=\u00bb#e0cd00&#8243; divider_position=\u00bbcenter\u00bb divider_weight=\u00bb7px\u00bb _builder_version=\u00bb4.25.1&#8243; max_width=\u00bb15%\u00bb module_alignment=\u00bbleft\u00bb height=\u00bb40px\u00bb animation_style=\u00bbslide\u00bb animation_direction=\u00bbleft\u00bb module_alignment_tablet=\u00bbleft\u00bb module_alignment_phone=\u00bbcenter\u00bb module_alignment_last_edited=\u00bbon|phone\u00bb global_colors_info=\u00bb{}\u00bb][\/et_pb_divider][\/et_pb_column][et_pb_column type=\u00bb1_3&#8243; _builder_version=\u00bb4.16&#8243; custom_padding=\u00bb|||\u00bb global_colors_info=\u00bb{}\u00bb custom_padding__hover=\u00bb|||\u00bb][et_pb_image src=\u00bbhttp:\/\/ach-gonar.com\/wp-content\/uploads\/2024\/05\/Codo-CVP.png\u00bb alt=\u00bbCodo-CVisionPlus\u00bb title_text=\u00bbCodo-CVP\u00bb admin_label=\u00bbRender-CodoCV\u00bb _builder_version=\u00bb4.25.1&#8243; _module_preset=\u00bbdefault\u00bb height=\u00bb387px\u00bb global_colors_info=\u00bb{}\u00bb][\/et_pb_image][\/et_pb_column][\/et_pb_row][et_pb_row column_structure=\u00bb1_3,1_3,1_3&#8243; _builder_version=\u00bb4.25.1&#8243; background_size=\u00bbinitial\u00bb background_position=\u00bbtop_left\u00bb background_repeat=\u00bbrepeat\u00bb custom_padding=\u00bb51px|0px|51px|0px|true|false\u00bb animation_style=\u00bbslide\u00bb animation_direction=\u00bbbottom\u00bb global_colors_info=\u00bb{}\u00bb][et_pb_column type=\u00bb1_3&#8243; _builder_version=\u00bb4.16&#8243; custom_padding=\u00bb|||\u00bb global_colors_info=\u00bb{}\u00bb custom_padding__hover=\u00bb|||\u00bb][et_pb_text _builder_version=\u00bb4.25.1&#8243; custom_margin=\u00bb|0px|||false|false\u00bb global_colors_info=\u00bb{}\u00bb]<\/p>\n<p><strong>Secciones<\/strong><br \/>\u00bb Marco: 180 mm<br \/>\u00bb Tricarril: 278 mm<br \/>\u00bb Hoja: 69 mm<\/p>\n<p><strong>Acristalamiento<\/strong><br \/>M\u00e1x. 56 mm \/ Min. 36 mm<\/p>\n<p>M\u00e1ximo <strong>aislamientoo ac\u00fastico<\/strong>:<br \/>Rw=43 dB<\/p>\n<p><strong>Dimensiones m\u00e1x. hoja<\/strong><br \/>\u00bb Ancho (L) 4000 mm<br \/>\u00bb Alto (H) 4000 mm<\/p>\n<p><strong>Peso m\u00e1x. hoja<\/strong><br \/>\u00bb 400 kg \/ Manual<br \/>\u00bb 700 kg \/ Motorizada<\/p>\n<p>[\/et_pb_text][\/et_pb_column][et_pb_column type=\u00bb1_3&#8243; _builder_version=\u00bb4.16&#8243; custom_padding=\u00bb|||\u00bb global_colors_info=\u00bb{}\u00bb custom_padding__hover=\u00bb|||\u00bb][et_pb_text _builder_version=\u00bb4.25.1&#8243; _module_preset=\u00bbdefault\u00bb custom_padding=\u00bb0px|||||\u00bb global_colors_info=\u00bb{}\u00bb]<\/p>\n<p><strong>Espesor perfiler\u00eda:<br \/><\/strong>Puerta: 2,0 mm<\/p>\n<p><strong>Transmitancia<\/strong>:<br \/>Uw \u2265 0,9 (W\/m2K)<br \/><strong>Permeabilidad al aire<\/strong>:<br \/>(UNE-EN 12207) <strong>Clase 4<\/strong><br \/><strong>Estanqueidad al agua<\/strong>:<br \/>(UNE-EN 12208) <strong>Clase 7A\/9A<\/strong><br \/><strong>Resistencia al viento<\/strong>:<br \/>(UNE-EN 12210) <strong>Clase C3\/C4<\/strong><\/p>\n<p><strong>Posibilidades de apertura<\/strong><br \/>\u00bb Corredera<br \/>\u00bb Posibilidad de 1, 2, 3 y 4 carriles<br \/>\u00bb Posibilidad de encuentros\u00a0 a 90\u00ba sin parteluz<br \/>\u00bb Galandage<\/p>\n<p>[\/et_pb_text][\/et_pb_column][et_pb_column type=\u00bb1_3&#8243; _builder_version=\u00bb4.16&#8243; custom_padding=\u00bb|||\u00bb global_colors_info=\u00bb{}\u00bb custom_padding__hover=\u00bb|||\u00bb][et_pb_image src=\u00bbhttp:\/\/ach-gonar.com\/wp-content\/uploads\/2024\/05\/CVP-Fondo.jpg\u00bb alt=\u00bbCorVisionPlus-Fondo\u00bb title_text=\u00bbCVP-Fondo\u00bb admin_label=\u00bbIMG-CorVision\u00bb _builder_version=\u00bb4.25.1&#8243; _module_preset=\u00bbdefault\u00bb width=\u00bb100%\u00bb max_width=\u00bb100%\u00bb min_height=\u00bb100%\u00bb height=\u00bb100%\u00bb max_height=\u00bb770px\u00bb custom_margin=\u00bb0px||||false|false\u00bb custom_margin_tablet=\u00bb35px||||false|false\u00bb custom_margin_phone=\u00bb-7px||||false|false\u00bb custom_margin_last_edited=\u00bbon|phone\u00bb global_colors_info=\u00bb{}\u00bb][\/et_pb_image][\/et_pb_column][\/et_pb_row][et_pb_row column_structure=\u00bb1_2,1_2&#8243; _builder_version=\u00bb4.25.1&#8243; _module_preset=\u00bbdefault\u00bb custom_margin=\u00bb-47px||||false|false\u00bb global_colors_info=\u00bb{}\u00bb][et_pb_column type=\u00bb1_2&#8243; _builder_version=\u00bb4.25.1&#8243; _module_preset=\u00bbdefault\u00bb global_colors_info=\u00bb{}\u00bb][et_pb_text _builder_version=\u00bb4.25.1&#8243; _module_preset=\u00bbdefault\u00bb custom_margin=\u00bb|||0px|false|false\u00bb custom_margin_tablet=\u00bb|||-224px|false|false\u00bb custom_margin_phone=\u00bb|||-20px|false|false\u00bb custom_margin_last_edited=\u00bbon|phone\u00bb global_colors_info=\u00bb{}\u00bb]<\/p>\n<p><strong>Soluci\u00f3n<\/strong> con drenaje<br \/>Posibilidad <strong>canaleta<\/strong> de drenaje y <strong>rejilla<\/strong> inox<\/p>\n<p>[\/et_pb_text][et_pb_image src=\u00bbhttp:\/\/ach-gonar.com\/wp-content\/uploads\/2024\/05\/CVP-Drenaje.jpg\u00bb alt=\u00bbCVPlus-Sol-Dren\u00bb title_text=\u00bbCVP-Drenaje\u00bb _builder_version=\u00bb4.25.1&#8243; _module_preset=\u00bbdefault\u00bb module_alignment=\u00bbcenter\u00bb height=\u00bb322px\u00bb height_tablet=\u00bb322px\u00bb height_phone=\u00bb322px\u00bb height_last_edited=\u00bbon|phone\u00bb custom_padding=\u00bb24px||||false|false\u00bb border_radii=\u00bboff|100px||100px|\u00bb border_width_all=\u00bb2px\u00bb border_color_all=\u00bb#474747&#8243; global_colors_info=\u00bb{}\u00bb][\/et_pb_image][\/et_pb_column][et_pb_column type=\u00bb1_2&#8243; _builder_version=\u00bb4.25.1&#8243; _module_preset=\u00bbdefault\u00bb global_colors_info=\u00bb{}\u00bb][et_pb_text _builder_version=\u00bb4.25.1&#8243; _module_preset=\u00bbdefault\u00bb locked=\u00bboff\u00bb global_colors_info=\u00bb{}\u00bb]<\/p>\n<p style=\"text-align: left;\">Posibilidad de <strong>embutir<\/strong> perfil inferior e <strong>integrarlo<\/strong> con el acabado del suelo (tarima, pavimento, cer\u00e1mico\u2026), consiguiendo una transici\u00f3n sin ning\u00fan tipo de <strong>obst\u00e1culo<\/strong> entre el interior y el exterior de la vivienda.<\/p>\n<p>[\/et_pb_text][et_pb_image src=\u00bbhttp:\/\/ach-gonar.com\/wp-content\/uploads\/2024\/05\/Aces-Aut.svg\u00bb alt=\u00bbLogos-Acces-Autom\u00bb title_text=\u00bbAces-Aut\u00bb _builder_version=\u00bb4.25.1&#8243; _module_preset=\u00bbdefault\u00bb max_width=\u00bb46%\u00bb max_width_tablet=\u00bb46%\u00bb max_width_phone=\u00bb91%\u00bb max_width_last_edited=\u00bbon|phone\u00bb custom_margin=\u00bb-14px||34px||false|false\u00bb global_colors_info=\u00bb{}\u00bb][\/et_pb_image][et_pb_image src=\u00bbhttp:\/\/ach-gonar.com\/wp-content\/uploads\/2024\/05\/CVP-SueloInt.jpg\u00bb alt=\u00bbCVP-SI\u00bb title_text=\u00bbCVP-SueloInt\u00bb _builder_version=\u00bb4.25.1&#8243; _module_preset=\u00bbdefault\u00bb module_alignment=\u00bbcenter\u00bb height=\u00bb290px\u00bb height_tablet=\u00bb290px\u00bb height_phone=\u00bb290px\u00bb height_last_edited=\u00bbon|phone\u00bb max_height=\u00bb1000px\u00bb custom_margin=\u00bb-18px||||false|false\u00bb border_radii=\u00bboff|100px||100px|\u00bb border_width_all=\u00bb2px\u00bb border_color_all=\u00bb#474747&#8243; locked=\u00bboff\u00bb global_colors_info=\u00bb{}\u00bb][\/et_pb_image][\/et_pb_column][\/et_pb_row][et_pb_row column_structure=\u00bb1_2,1_2&#8243; _builder_version=\u00bb4.25.1&#8243; _module_preset=\u00bbdefault\u00bb global_colors_info=\u00bb{}\u00bb][et_pb_column type=\u00bb1_2&#8243; _builder_version=\u00bb4.25.1&#8243; _module_preset=\u00bbdefault\u00bb global_colors_info=\u00bb{}\u00bb][et_pb_image src=\u00bbhttp:\/\/ach-gonar.com\/wp-content\/uploads\/2024\/05\/Manillas.svg\u00bb alt=\u00bbCVP-Manillas\u00bb title_text=\u00bbManillas\u00bb _builder_version=\u00bb4.25.1&#8243; _module_preset=\u00bbdefault\u00bb max_width=\u00bb63%\u00bb max_width_tablet=\u00bb63%\u00bb max_width_phone=\u00bb100%\u00bb max_width_last_edited=\u00bbon|phone\u00bb module_alignment=\u00bbcenter\u00bb global_colors_info=\u00bb{}\u00bb][\/et_pb_image][\/et_pb_column][et_pb_column type=\u00bb1_2&#8243; _builder_version=\u00bb4.25.1&#8243; _module_preset=\u00bbdefault\u00bb global_colors_info=\u00bb{}\u00bb][et_pb_text _builder_version=\u00bb4.25.1&#8243; _module_preset=\u00bbdefault\u00bb custom_padding=\u00bb27px||||false|false\u00bb global_colors_info=\u00bb{}\u00bb]<\/p>\n<p><strong>M\u00c1XIMA SEGURIDAD<\/strong><\/p>\n<p><strong>Bloqueo<\/strong> con llave interior y exterior.<br \/><strong>Integraci\u00f3n<\/strong> del cierre en el perfil con la misma<strong> est\u00e9tica<\/strong> minimalista.<br \/>Posibilidad de<strong> lacado<\/strong> en cualquier color para dotar de <strong>uniformidad<\/strong> al conjunto.<\/p>\n<p>[\/et_pb_text][\/et_pb_column][\/et_pb_row][\/et_pb_section][et_pb_section fb_built=\u00bb1&#8243; prev_background_color=\u00bb#ffffff\u00bb _builder_version=\u00bb4.25.1&#8243; background_color=\u00bb#6B6B6B\u00bb background_image=\u00bbhttp:\/\/ach-gonar.com\/wp-content\/uploads\/2024\/05\/FondoTrab-Gris.jpg\u00bb custom_margin=\u00bb0px||||false|false\u00bb custom_margin_tablet=\u00bb\u00bb custom_margin_phone=\u00bb\u00bb custom_margin_last_edited=\u00bbon|phone\u00bb custom_padding=\u00bb18px|0px|0px|0px|false|false\u00bb top_divider_style=\u00bbasymmetric\u00bb top_divider_height=\u00bb40px\u00bb top_divider_flip=\u00bbhorizontal|vertical\u00bb global_colors_info=\u00bb{}\u00bb][et_pb_row _builder_version=\u00bb4.25.1&#8243; background_size=\u00bbinitial\u00bb background_position=\u00bbtop_left\u00bb background_repeat=\u00bbrepeat\u00bb custom_margin=\u00bb18px||||false|false\u00bb custom_padding=\u00bb18px|0px|27px|0px|false|false\u00bb animation_style=\u00bbzoom\u00bb global_colors_info=\u00bb{}\u00bb][et_pb_column type=\u00bb4_4&#8243; _builder_version=\u00bb4.16&#8243; custom_padding=\u00bb|||\u00bb global_colors_info=\u00bb{}\u00bb custom_padding__hover=\u00bb|||\u00bb][et_pb_text _builder_version=\u00bb4.16&#8243; text_font=\u00bb||||||||\u00bb header_font=\u00bb||||||||\u00bb header_2_font=\u00bb|800|||||||\u00bb header_2_text_align=\u00bbcenter\u00bb header_2_font_size=\u00bb50px\u00bb background_layout=\u00bbdark\u00bb custom_margin=\u00bb||20px|\u00bb header_2_font_size_tablet=\u00bb\u00bb header_2_font_size_phone=\u00bb30px\u00bb header_2_font_size_last_edited=\u00bbon|phone\u00bb global_colors_info=\u00bb{}\u00bb]<\/p>\n<h2>Trabajemos juntos<\/h2>\n<p>[\/et_pb_text][et_pb_divider color=\u00bb#e0cd00&#8243; divider_position=\u00bbcenter\u00bb divider_weight=\u00bb7px\u00bb _builder_version=\u00bb4.16&#8243; max_width=\u00bb15%\u00bb module_alignment=\u00bbcenter\u00bb global_colors_info=\u00bb{}\u00bb][\/et_pb_divider][et_pb_text _builder_version=\u00bb4.25.1&#8243; text_font=\u00bb||||||||\u00bb text_font_size=\u00bb20px\u00bb text_line_height=\u00bb1.6em\u00bb text_orientation=\u00bbcenter\u00bb background_layout=\u00bbdark\u00bb max_width=\u00bb70%\u00bb max_width_tablet=\u00bb\u00bb max_width_phone=\u00bb\u00bb max_width_last_edited=\u00bbon|phone\u00bb module_alignment=\u00bbcenter\u00bb global_colors_info=\u00bb{}\u00bb]<\/p>\n<p><strong>Dise\u00f1o<\/strong><\/p>\n<p><strong>Personalizaci\u00f3n<\/strong><\/p>\n<p><strong>Fabricaci\u00f3n<\/strong><\/p>\n<p>[\/et_pb_text][\/et_pb_column][\/et_pb_row][\/et_pb_section]<\/p>\n","protected":false},"excerpt":{"rendered":"<p>CORREDERACOR VISION PLUSLa grandeza del minimalismo\u00a0se refleja en esta corredera de\u00a0grandes dimensiones\u00a0con hojas de hasta 4 metros,\u00a0nudo central de tan solo 25 mm y marcos embutidos perimetralmente,\u00a0permitiendo una superficie\u00a0acristalada de hasta el 94 %. Presenta una capacidad de acristalamiento m\u00e1xima de 56 mm, ofreciendo unas\u00a0excelentes prestaciones t\u00e9rmicas y ac\u00fasticas.\u00a0Disponible con sistema de\u00a0apertura manual\u00a0(hasta 400 kg) [&hellip;]<\/p>\n","protected":false},"author":1,"featured_media":0,"parent":0,"menu_order":0,"comment_status":"closed","ping_status":"closed","template":"","meta":{"_et_pb_use_builder":"on","_et_pb_old_content":"","_et_gb_content_width":"","inline_featured_image":false,"footnotes":""},"class_list":["post-9652","page","type-page","status-publish","hentry"],"_links":{"self":[{"href":"https:\/\/cerramientosnakiva.com\/index.php\/wp-json\/wp\/v2\/pages\/9652","targetHints":{"allow":["GET"]}}],"collection":[{"href":"https:\/\/cerramientosnakiva.com\/index.php\/wp-json\/wp\/v2\/pages"}],"about":[{"href":"https:\/\/cerramientosnakiva.com\/index.php\/wp-json\/wp\/v2\/types\/page"}],"author":[{"embeddable":true,"href":"https:\/\/cerramientosnakiva.com\/index.php\/wp-json\/wp\/v2\/users\/1"}],"replies":[{"embeddable":true,"href":"https:\/\/cerramientosnakiva.com\/index.php\/wp-json\/wp\/v2\/comments?post=9652"}],"version-history":[{"count":54,"href":"https:\/\/cerramientosnakiva.com\/index.php\/wp-json\/wp\/v2\/pages\/9652\/revisions"}],"predecessor-version":[{"id":244800,"href":"https:\/\/cerramientosnakiva.com\/index.php\/wp-json\/wp\/v2\/pages\/9652\/revisions\/244800"}],"wp:attachment":[{"href":"https:\/\/cerramientosnakiva.com\/index.php\/wp-json\/wp\/v2\/media?parent=9652"}],"curies":[{"name":"wp","href":"https:\/\/api.w.org\/{rel}","templated":true}]}}