{"id":9288,"date":"2024-05-23T07:47:51","date_gmt":"2024-05-23T05:47:51","guid":{"rendered":"https:\/\/ach-gonar.com\/?page_id=9288"},"modified":"2024-07-15T12:23:02","modified_gmt":"2024-07-15T10:23:02","slug":"sn-caviclum","status":"publish","type":"page","link":"https:\/\/cerramientosnakiva.com\/index.php\/sn-caviclum\/","title":{"rendered":"SN CAVICLUM"},"content":{"rendered":"<p>[et_pb_section fb_built=\u00bb1&#8243; _builder_version=\u00bb4.25.1&#8243; background_image=\u00bbhttp:\/\/ach-gonar.com\/wp-content\/uploads\/2024\/05\/SNCAV-H.jpg\u00bb parallax=\u00bbon\u00bb parallax_method=\u00bboff\u00bb bottom_divider_style=\u00bbarrow2&#8243; bottom_divider_color=\u00bb#ffffff\u00bb bottom_divider_height_tablet=\u00bb\u00bb bottom_divider_height_phone=\u00bb63px\u00bb bottom_divider_height_last_edited=\u00bbon|phone\u00bb global_colors_info=\u00bb{}\u00bb][et_pb_row custom_padding_last_edited=\u00bbon|phone\u00bb _builder_version=\u00bb4.25.1&#8243; background_size=\u00bbinitial\u00bb background_position=\u00bbtop_left\u00bb background_repeat=\u00bbrepeat\u00bb custom_padding=\u00bb50px|0px|60px|0px\u00bb custom_padding_tablet=\u00bb50px|0px|60px|0px\u00bb custom_padding_phone=\u00bb12px||6px||false|false\u00bb global_colors_info=\u00bb{}\u00bb][et_pb_column type=\u00bb4_4&#8243; _builder_version=\u00bb4.16&#8243; custom_padding=\u00bb|||\u00bb global_colors_info=\u00bb{}\u00bb custom_padding__hover=\u00bb|||\u00bb][et_pb_text disabled_on=\u00bboff|off|off\u00bb _builder_version=\u00bb4.25.1&#8243; text_font=\u00bb|800|||||||\u00bb text_text_color=\u00bbrgba(127,175,208,0.25)\u00bb text_font_size=\u00bb100px\u00bb header_font=\u00bb||||||||\u00bb text_orientation=\u00bbcenter\u00bb custom_margin=\u00bb||-7px|\u00bb animation_style=\u00bbzoom\u00bb text_font_size_tablet=\u00bb100px\u00bb text_font_size_phone=\u00bb47px\u00bb text_font_size_last_edited=\u00bbon|phone\u00bb global_colors_info=\u00bb{}\u00bb]<\/p>\n<p><span style=\"color: #808080;\">Abisagrada<\/span><\/p>\n<p>[\/et_pb_text][et_pb_text _builder_version=\u00bb4.16&#8243; text_font=\u00bb||||||||\u00bb header_font=\u00bb||||||||\u00bb header_2_font=\u00bb|800|||||||\u00bb header_2_text_align=\u00bbcenter\u00bb header_2_text_color=\u00bb#ffffff\u00bb header_2_font_size=\u00bb60px\u00bb background_layout=\u00bbdark\u00bb custom_margin=\u00bb||20px|\u00bb animation_style=\u00bbslide\u00bb animation_direction=\u00bbbottom\u00bb header_2_font_size_tablet=\u00bb\u00bb header_2_font_size_phone=\u00bb30px\u00bb header_2_font_size_last_edited=\u00bbon|phone\u00bb header_2_text_shadow_style=\u00bbpreset2&#8243; header_2_text_shadow_horizontal_length=\u00bb0em\u00bb header_2_text_shadow_vertical_length=\u00bb0.1em\u00bb header_2_text_shadow_blur_strength=\u00bb0.1em\u00bb header_2_text_shadow_color=\u00bbrgba(0,0,0,0.3)\u00bb global_colors_info=\u00bb{}\u00bb]<\/p>\n<h2>SN CAVICLUM<\/h2>\n<p>[\/et_pb_text][et_pb_button button_url=\u00bbhttps:\/\/cerramientosnakiva.com\/wp-content\/uploads\/2024\/05\/MAL-NK-FT.pdf\u00bb button_text=\u00bbFicha T\u00e9cnica\u00bb button_alignment=\u00bbcenter\u00bb module_class=\u00bbdownload-button\u00bb _builder_version=\u00bb4.25.1&#8243; custom_button=\u00bbon\u00bb button_text_size=\u00bb18px\u00bb button_text_color=\u00bb#ffffff\u00bb button_bg_use_color_gradient=\u00bbon\u00bb button_bg_color_gradient_direction=\u00bb135deg\u00bb button_bg_color_gradient_stops=\u00bb#e0cd00 0%|#d68e00 100%\u00bb button_bg_color_gradient_start=\u00bb#e0cd00&#8243; button_bg_color_gradient_end=\u00bb#d68e00&#8243; button_border_width=\u00bb0px\u00bb button_border_radius=\u00bb42px\u00bb button_letter_spacing=\u00bb1px\u00bb button_font=\u00bb|700||on|||||\u00bb button_use_icon=\u00bboff\u00bb custom_margin=\u00bb25px|||\u00bb custom_padding=\u00bb|25px||25px\u00bb animation_style=\u00bbzoom\u00bb hover_enabled=\u00bb0&#8243; box_shadow_style=\u00bbpreset1&#8243; box_shadow_blur=\u00bb35px\u00bb box_shadow_color=\u00bbrgba(0,0,0,0.38)\u00bb button_text_color_hover=\u00bb#1e5096&#8243; global_colors_info=\u00bb{}\u00bb button_text_size__hover_enabled=\u00bboff\u00bb button_one_text_size__hover_enabled=\u00bboff\u00bb button_two_text_size__hover_enabled=\u00bboff\u00bb button_text_color__hover_enabled=\u00bbon\u00bb button_text_color__hover=\u00bb#1e5096&#8243; button_one_text_color__hover_enabled=\u00bboff\u00bb button_two_text_color__hover_enabled=\u00bboff\u00bb button_border_width__hover_enabled=\u00bboff\u00bb button_one_border_width__hover_enabled=\u00bboff\u00bb button_two_border_width__hover_enabled=\u00bboff\u00bb button_border_color__hover_enabled=\u00bboff\u00bb button_one_border_color__hover_enabled=\u00bboff\u00bb button_two_border_color__hover_enabled=\u00bboff\u00bb button_border_radius__hover_enabled=\u00bboff\u00bb button_one_border_radius__hover_enabled=\u00bboff\u00bb button_two_border_radius__hover_enabled=\u00bboff\u00bb button_letter_spacing__hover_enabled=\u00bboff\u00bb button_one_letter_spacing__hover_enabled=\u00bboff\u00bb button_two_letter_spacing__hover_enabled=\u00bboff\u00bb button_bg_color__hover_enabled=\u00bboff\u00bb button_one_bg_color__hover_enabled=\u00bboff\u00bb button_two_bg_color__hover_enabled=\u00bboff\u00bb url_new_window=\u00bbon\u00bb sticky_enabled=\u00bb0&#8243;][\/et_pb_button][\/et_pb_column][\/et_pb_row][\/et_pb_section][et_pb_section fb_built=\u00bb1&#8243; custom_padding_last_edited=\u00bbon|phone\u00bb _builder_version=\u00bb4.25.1&#8243; background_color=\u00bb#ffffff\u00bb custom_padding=\u00bb61px|0px|0px|0px|false|false\u00bb custom_padding_tablet=\u00bb\u00bb custom_padding_phone=\u00bb26px||0px||false|false\u00bb top_divider_color=\u00bb#f5f5f5&#8243; bottom_divider_color=\u00bb#E02B20&#8243; bottom_divider_height=\u00bb181px\u00bb bottom_divider_flip=\u00bbvertical\u00bb bottom_divider_height_tablet=\u00bb\u00bb bottom_divider_height_phone=\u00bb58px\u00bb bottom_divider_height_last_edited=\u00bbon|phone\u00bb global_colors_info=\u00bb{}\u00bb][et_pb_row column_structure=\u00bb2_3,1_3&#8243; custom_padding_last_edited=\u00bbon|phone\u00bb _builder_version=\u00bb4.16&#8243; background_size=\u00bbinitial\u00bb background_position=\u00bbtop_left\u00bb background_repeat=\u00bbrepeat\u00bb custom_padding=\u00bb0px|0px|45px|0px\u00bb custom_padding_tablet=\u00bb\u00bb custom_padding_phone=\u00bb||0px|\u00bb global_colors_info=\u00bb{}\u00bb][et_pb_column type=\u00bb2_3&#8243; _builder_version=\u00bb4.16&#8243; custom_padding=\u00bb|||\u00bb global_colors_info=\u00bb{}\u00bb custom_padding__hover=\u00bb|||\u00bb][et_pb_text _builder_version=\u00bb4.25.1&#8243; text_font=\u00bb||||||||\u00bb text_font_size=\u00bb20px\u00bb text_line_height=\u00bb1.78em\u00bb header_font=\u00bb||||||||\u00bb header_2_font=\u00bb|800|||||||\u00bb header_2_text_color=\u00bb#1e5096&#8243; header_2_font_size=\u00bb36px\u00bb custom_margin=\u00bb||20px|\u00bb animation_style=\u00bbslide\u00bb animation_direction=\u00bbbottom\u00bb header_2_font_size_tablet=\u00bb\u00bb header_2_font_size_phone=\u00bb30px\u00bb header_2_font_size_last_edited=\u00bbon|phone\u00bb global_colors_info=\u00bb{}\u00bb]<\/p>\n<p><strong>SISTEMA ABISAGRADO<\/strong> de <strong>70 mm<\/strong> de profundidad de marco con una capacidad m\u00e1xima de acristalamiento de 42 mm. Su perfiler\u00eda de <strong>5 c\u00e1maras interiores<\/strong> en marco y hoja le confiere una <strong>gran<\/strong> <strong>eficiencia energ\u00e9tica<\/strong> con un valor de transmitancia<strong> Uf desde 1,2 W\/m\u00b2K.<\/strong> Hojas con est\u00e9tica recta.<\/p>\n<p>[\/et_pb_text][et_pb_text content_tablet=\u00bb<\/p>\n<p><strong>Posibilidades<\/strong><br \/>\u00bb Accesibilidad<br \/>\u00bb Herraje de seguridad<br \/>\u00bb Drenaje oculto<\/p>\n<p>\u00bb content_phone=\u00bb<\/p>\n<p style=%22text-align: center;%22><strong>Posibilidades<\/strong><br \/>\u00bb Accesibilidad<br \/>\u00bb Herraje de seguridad<br \/>\u00bb Drenaje oculto<\/p>\n<p>\u00bb content_last_edited=\u00bbon|phone\u00bb _builder_version=\u00bb4.25.1&#8243; text_font=\u00bb||||||||\u00bb text_font_size=\u00bb20px\u00bb text_line_height=\u00bb1.78em\u00bb header_font=\u00bb||||||||\u00bb header_2_font=\u00bb|800|||||||\u00bb header_2_text_color=\u00bb#1e5096&#8243; header_2_font_size=\u00bb36px\u00bb custom_margin=\u00bb||20px|\u00bb animation_style=\u00bbslide\u00bb animation_direction=\u00bbbottom\u00bb header_2_font_size_tablet=\u00bb\u00bb header_2_font_size_phone=\u00bb30px\u00bb header_2_font_size_last_edited=\u00bbon|phone\u00bb global_colors_info=\u00bb{}\u00bb]<\/p>\n<p><strong>Posibilidades<\/strong><br \/>\u00bb Accesibilidad<br \/>\u00bb Herraje de seguridad<br \/>\u00bb Drenaje oculto<\/p>\n<p>[\/et_pb_text][et_pb_divider color=\u00bb#e0cd00&#8243; divider_position=\u00bbcenter\u00bb divider_weight=\u00bb7px\u00bb _builder_version=\u00bb4.25.1&#8243; max_width=\u00bb15%\u00bb module_alignment=\u00bbleft\u00bb height=\u00bb40px\u00bb animation_style=\u00bbslide\u00bb animation_direction=\u00bbleft\u00bb module_alignment_tablet=\u00bbleft\u00bb module_alignment_phone=\u00bbcenter\u00bb module_alignment_last_edited=\u00bbon|phone\u00bb global_colors_info=\u00bb{}\u00bb][\/et_pb_divider][\/et_pb_column][et_pb_column type=\u00bb1_3&#8243; _builder_version=\u00bb4.16&#8243; custom_padding=\u00bb|||\u00bb global_colors_info=\u00bb{}\u00bb custom_padding__hover=\u00bb|||\u00bb][et_pb_image src=\u00bbhttp:\/\/ach-gonar.com\/wp-content\/uploads\/2024\/05\/CAV-CODO.png\u00bb title_text=\u00bbCAV-CODO\u00bb _builder_version=\u00bb4.25.1&#8243; _module_preset=\u00bbdefault\u00bb height=\u00bb387px\u00bb global_colors_info=\u00bb{}\u00bb][\/et_pb_image][\/et_pb_column][\/et_pb_row][et_pb_row column_structure=\u00bb1_3,1_3,1_3&#8243; _builder_version=\u00bb4.25.1&#8243; background_size=\u00bbinitial\u00bb background_position=\u00bbtop_left\u00bb background_repeat=\u00bbrepeat\u00bb custom_padding=\u00bb10px|0px|33px|0px|false|false\u00bb animation_style=\u00bbslide\u00bb animation_direction=\u00bbbottom\u00bb global_colors_info=\u00bb{}\u00bb][et_pb_column type=\u00bb1_3&#8243; _builder_version=\u00bb4.16&#8243; custom_padding=\u00bb|||\u00bb global_colors_info=\u00bb{}\u00bb custom_padding__hover=\u00bb|||\u00bb][et_pb_text _builder_version=\u00bb4.25.1&#8243; global_colors_info=\u00bb{}\u00bb]<\/p>\n<p><strong>Secciones<\/strong><br \/>Marco 70 mm<br \/>Hoja 70 \/ 80 mm<br \/><strong>Acristalamiento<\/strong><br \/>M\u00e1x. 42 mm \/ M\u00edn. 4 mm<br \/><strong>Dimensiones m\u00e1x. hoja<\/strong><br \/>Ventana:<br \/>Ancho (L) 360 &#8211; 1300 mm<br \/>Alto (H) 450 &#8211; 2300 mm<br \/>Balconera:<br \/>Ancho (L) 360 &#8211; 1300 mm<br \/>Alto (H) 600 &#8211; 2400 mm<br \/>Puerta:<br \/>Ancho (L) 700 &#8211; 1300 mm<br \/>Alto (H) 600 &#8211; 2500 mm<\/p>\n<p>[\/et_pb_text][\/et_pb_column][et_pb_column type=\u00bb1_3&#8243; _builder_version=\u00bb4.16&#8243; custom_padding=\u00bb|||\u00bb global_colors_info=\u00bb{}\u00bb custom_padding__hover=\u00bb|||\u00bb][et_pb_text _builder_version=\u00bb4.25.1&#8243; _module_preset=\u00bbdefault\u00bb global_colors_info=\u00bb{}\u00bb]<\/p>\n<p><strong>Peso m\u00e1x. hoja<\/strong><br \/>130 kg Ventana<br \/>130 Kg Balconera<br \/>160 Kg Puerta<\/p>\n<p><strong>Transmitancia<\/strong> Uw \u2265 0,9 (W\/m\u00b2K)<br \/><strong>Aislamiento ac\u00fastico<\/strong> Rw hasta 46 dB<br \/><strong>Permeabilidad al aire<\/strong> Clase 4<br \/><strong>Estanqueidad al agua<\/strong> Clase E1800<br \/><strong>Resistencia al viento<\/strong> Clase C5<\/p>\n<p><strong> Apertura exterior<\/strong><br \/>Practicable (Puerta)<\/p>\n<p><strong>Apertura interior<\/strong><br \/>Practicable<br \/>Oscilobatiente<br \/>Plegable<br \/>Osciloparalela<br \/>Abatible<\/p>\n<p><strong>Acabados<\/strong><br \/>\u00bb Posibilidad bicolor<br \/>\u00bb Blanco<br \/>\u00bb Foliado color<br \/>\u00bb Foliado imitaci\u00f3n madera<\/p>\n<p>[\/et_pb_text][\/et_pb_column][et_pb_column type=\u00bb1_3&#8243; _builder_version=\u00bb4.16&#8243; custom_padding=\u00bb|||\u00bb global_colors_info=\u00bb{}\u00bb custom_padding__hover=\u00bb|||\u00bb][et_pb_image src=\u00bbhttp:\/\/ach-gonar.com\/wp-content\/uploads\/2024\/05\/CAV-High.jpg\u00bb title_text=\u00bbCAV-High\u00bb _builder_version=\u00bb4.25.1&#8243; _module_preset=\u00bbdefault\u00bb height=\u00bb447px\u00bb global_colors_info=\u00bb{}\u00bb][\/et_pb_image][\/et_pb_column][\/et_pb_row][\/et_pb_section][et_pb_section fb_built=\u00bb1&#8243; _builder_version=\u00bb4.25.1&#8243; background_color=\u00bb#E02B20&#8243; background_image=\u00bbhttp:\/\/ach-gonar.com\/wp-content\/uploads\/2024\/05\/WT-Backg.jpg\u00bb max_height=\u00bb778px\u00bb custom_margin=\u00bb0px||||false|false\u00bb custom_margin_tablet=\u00bb\u00bb custom_margin_phone=\u00bb\u00bb custom_margin_last_edited=\u00bbon|phone\u00bb custom_padding=\u00bb71px|0px|36px|0px|false|false\u00bb top_divider_style=\u00bbasymmetric4&#8243; top_divider_color=\u00bb#FFFFFF\u00bb top_divider_height=\u00bb60px\u00bb top_divider_height_tablet=\u00bb60px\u00bb top_divider_height_phone=\u00bb40px\u00bb top_divider_height_last_edited=\u00bbon|phone\u00bb bottom_divider_style=\u00bbasymmetric4&#8243; bottom_divider_color=\u00bb#FFFFFF\u00bb bottom_divider_height_tablet=\u00bb\u00bb bottom_divider_height_phone=\u00bb40px\u00bb bottom_divider_height_last_edited=\u00bbon|phone\u00bb global_colors_info=\u00bb{}\u00bb][et_pb_row _builder_version=\u00bb4.16&#8243; background_size=\u00bbinitial\u00bb background_position=\u00bbtop_left\u00bb background_repeat=\u00bbrepeat\u00bb custom_padding=\u00bb0px|0px|27px|0px\u00bb animation_style=\u00bbzoom\u00bb global_colors_info=\u00bb{}\u00bb][et_pb_column type=\u00bb4_4&#8243; _builder_version=\u00bb4.16&#8243; custom_padding=\u00bb|||\u00bb global_colors_info=\u00bb{}\u00bb custom_padding__hover=\u00bb|||\u00bb][et_pb_text _builder_version=\u00bb4.16&#8243; text_font=\u00bb||||||||\u00bb header_font=\u00bb||||||||\u00bb header_2_font=\u00bb|800|||||||\u00bb header_2_text_align=\u00bbcenter\u00bb header_2_font_size=\u00bb50px\u00bb background_layout=\u00bbdark\u00bb custom_margin=\u00bb||20px|\u00bb header_2_font_size_tablet=\u00bb\u00bb header_2_font_size_phone=\u00bb30px\u00bb header_2_font_size_last_edited=\u00bbon|phone\u00bb global_colors_info=\u00bb{}\u00bb]<\/p>\n<h2>Trabajemos juntos<\/h2>\n<p>[\/et_pb_text][et_pb_divider color=\u00bb#e0cd00&#8243; divider_position=\u00bbcenter\u00bb divider_weight=\u00bb7px\u00bb _builder_version=\u00bb4.16&#8243; max_width=\u00bb15%\u00bb module_alignment=\u00bbcenter\u00bb global_colors_info=\u00bb{}\u00bb][\/et_pb_divider][et_pb_text _builder_version=\u00bb4.25.1&#8243; text_font=\u00bb||||||||\u00bb text_font_size=\u00bb20px\u00bb text_line_height=\u00bb1.6em\u00bb text_orientation=\u00bbcenter\u00bb background_layout=\u00bbdark\u00bb max_width=\u00bb70%\u00bb max_width_tablet=\u00bb\u00bb max_width_phone=\u00bb\u00bb max_width_last_edited=\u00bbon|phone\u00bb module_alignment=\u00bbcenter\u00bb global_colors_info=\u00bb{}\u00bb]<\/p>\n<p><strong>Dise\u00f1o<\/strong><\/p>\n<p><strong>Personalizaci\u00f3n<\/strong><\/p>\n<p><strong>Fabricaci\u00f3n<\/strong><\/p>\n<p>[\/et_pb_text][\/et_pb_column][\/et_pb_row][\/et_pb_section]<\/p>\n","protected":false},"excerpt":{"rendered":"<p>AbisagradaSN CAVICLUMSISTEMA ABISAGRADO de 70 mm de profundidad de marco con una capacidad m\u00e1xima de acristalamiento de 42 mm. Su perfiler\u00eda de 5 c\u00e1maras interiores en marco y hoja le confiere una gran eficiencia energ\u00e9tica con un valor de transmitancia Uf desde 1,2 W\/m\u00b2K. Hojas con est\u00e9tica recta.Posibilidades\u00bb Accesibilidad\u00bb Herraje de seguridad\u00bb Drenaje ocultoSeccionesMarco 70 [&hellip;]<\/p>\n","protected":false},"author":1,"featured_media":0,"parent":0,"menu_order":0,"comment_status":"closed","ping_status":"closed","template":"","meta":{"_et_pb_use_builder":"on","_et_pb_old_content":"","_et_gb_content_width":"","inline_featured_image":false,"footnotes":""},"class_list":["post-9288","page","type-page","status-publish","hentry"],"_links":{"self":[{"href":"https:\/\/cerramientosnakiva.com\/index.php\/wp-json\/wp\/v2\/pages\/9288","targetHints":{"allow":["GET"]}}],"collection":[{"href":"https:\/\/cerramientosnakiva.com\/index.php\/wp-json\/wp\/v2\/pages"}],"about":[{"href":"https:\/\/cerramientosnakiva.com\/index.php\/wp-json\/wp\/v2\/types\/page"}],"author":[{"embeddable":true,"href":"https:\/\/cerramientosnakiva.com\/index.php\/wp-json\/wp\/v2\/users\/1"}],"replies":[{"embeddable":true,"href":"https:\/\/cerramientosnakiva.com\/index.php\/wp-json\/wp\/v2\/comments?post=9288"}],"version-history":[{"count":48,"href":"https:\/\/cerramientosnakiva.com\/index.php\/wp-json\/wp\/v2\/pages\/9288\/revisions"}],"predecessor-version":[{"id":245586,"href":"https:\/\/cerramientosnakiva.com\/index.php\/wp-json\/wp\/v2\/pages\/9288\/revisions\/245586"}],"wp:attachment":[{"href":"https:\/\/cerramientosnakiva.com\/index.php\/wp-json\/wp\/v2\/media?parent=9288"}],"curies":[{"name":"wp","href":"https:\/\/api.w.org\/{rel}","templated":true}]}}