{"id":9129,"date":"2024-05-20T19:58:23","date_gmt":"2024-05-20T17:58:23","guid":{"rendered":"https:\/\/ach-gonar.com\/?page_id=9129"},"modified":"2026-03-29T15:48:05","modified_gmt":"2026-03-29T13:48:05","slug":"contacto","status":"publish","type":"page","link":"https:\/\/cerramientosnakiva.com\/index.php\/contacto\/","title":{"rendered":"CONTACTO"},"content":{"rendered":"<p>[et_pb_section fb_built=\u00bb1&#8243; custom_padding_last_edited=\u00bbon|phone\u00bb _builder_version=\u00bb4.25.1&#8243; background_image=\u00bbhttp:\/\/ach-gonar.com\/wp-content\/uploads\/2024\/06\/FondoRedContacto.jpg\u00bb parallax=\u00bbon\u00bb parallax_method=\u00bboff\u00bb custom_padding_tablet=\u00bb\u00bb custom_padding_phone=\u00bb26px||4px||false|false\u00bb bottom_divider_style=\u00bbarrow2&#8243; bottom_divider_color=\u00bb#ffffff\u00bb bottom_divider_height_tablet=\u00bb\u00bb bottom_divider_height_phone=\u00bb63px\u00bb bottom_divider_height_last_edited=\u00bbon|phone\u00bb global_colors_info=\u00bb{}\u00bb][et_pb_row _builder_version=\u00bb4.16&#8243; background_size=\u00bbinitial\u00bb background_position=\u00bbtop_left\u00bb background_repeat=\u00bbrepeat\u00bb custom_padding=\u00bb50px|0px|60px|0px\u00bb global_colors_info=\u00bb{}\u00bb][et_pb_column type=\u00bb4_4&#8243; _builder_version=\u00bb4.16&#8243; custom_padding=\u00bb|||\u00bb global_colors_info=\u00bb{}\u00bb custom_padding__hover=\u00bb|||\u00bb][et_pb_text disabled_on=\u00bboff|off|off\u00bb admin_label=\u00bbMant\u00e9ngase en\u00bb _builder_version=\u00bb4.25.1&#8243; text_font=\u00bb|800||on|||||\u00bb text_text_color=\u00bbrgba(127,175,208,0.25)\u00bb text_font_size=\u00bb100px\u00bb text_orientation=\u00bbcenter\u00bb custom_margin=\u00bb16px||-7px||false|false\u00bb animation_style=\u00bbzoom\u00bb text_font_size_tablet=\u00bb100px\u00bb text_font_size_phone=\u00bb31px\u00bb text_font_size_last_edited=\u00bbon|phone\u00bb global_colors_info=\u00bb{}\u00bb]<\/p>\n<p><span style=\"color: #999999;\">Mant\u00e9ngase en<\/span><\/p>\n<p>[\/et_pb_text][et_pb_text admin_label=\u00bbContacto\u00bb _builder_version=\u00bb4.27.4&#8243; header_2_font=\u00bb|800|||||||\u00bb header_2_text_align=\u00bbcenter\u00bb header_2_text_color=\u00bb#ffffff\u00bb header_2_font_size=\u00bb60px\u00bb background_layout=\u00bbdark\u00bb custom_margin=\u00bb25px||37px||false|false\u00bb custom_margin_tablet=\u00bb||20px|\u00bb custom_margin_phone=\u00bb7px||20px||false|false\u00bb custom_margin_last_edited=\u00bbon|phone\u00bb animation_style=\u00bbslide\u00bb animation_direction=\u00bbbottom\u00bb header_2_font_size_tablet=\u00bb\u00bb header_2_font_size_phone=\u00bb30px\u00bb header_2_font_size_last_edited=\u00bbon|phone\u00bb header_2_text_shadow_style=\u00bbpreset2&#8243; header_2_text_shadow_horizontal_length=\u00bb0em\u00bb header_2_text_shadow_vertical_length=\u00bb0.1em\u00bb header_2_text_shadow_blur_strength=\u00bb0.1em\u00bb header_2_text_shadow_color=\u00bbrgba(0,0,0,0.3)\u00bb global_colors_info=\u00bb{}\u00bb]<\/p>\n<h2>Contacto<\/h2>\n<p>[\/et_pb_text][\/et_pb_column][\/et_pb_row][\/et_pb_section][et_pb_section fb_built=\u00bb1&#8243; custom_padding_last_edited=\u00bbon|phone\u00bb _builder_version=\u00bb4.25.1&#8243; custom_padding=\u00bb100px|0px|150px|0px|false|false\u00bb custom_padding_tablet=\u00bb100px|0px|100px|0px\u00bb custom_padding_phone=\u00bb55px|0px|74px|0px|false|false\u00bb bottom_divider_style=\u00bbarrow2&#8243; bottom_divider_color=\u00bb#E02B20&#8243; bottom_divider_height_tablet=\u00bb\u00bb bottom_divider_height_phone=\u00bb60px\u00bb bottom_divider_height_last_edited=\u00bbon|phone\u00bb global_colors_info=\u00bb{}\u00bb][et_pb_row column_structure=\u00bb2_3,1_3&#8243; make_equal=\u00bbon\u00bb custom_padding_last_edited=\u00bbon|phone\u00bb module_class=\u00bbcustom_row_95&#8243; _builder_version=\u00bb4.25.1&#8243; background_color=\u00bb#FFFFFF\u00bb width=\u00bb75%\u00bb custom_margin=\u00bb-16px||32px||false|false\u00bb custom_padding=\u00bb0px||0px|\u00bb custom_padding_tablet=\u00bb0px||0px|\u00bb custom_padding_phone=\u00bb0px||0px||false|false\u00bb animation_style=\u00bbzoom\u00bb animation_delay=\u00bb250ms\u00bb border_radii=\u00bbon|5px|5px|5px|5px\u00bb box_shadow_style=\u00bbpreset1&#8243; box_shadow_vertical=\u00bb0px\u00bb box_shadow_blur=\u00bb50px\u00bb box_shadow_color=\u00bbrgba(0,0,0,0.2)\u00bb global_colors_info=\u00bb{}\u00bb][et_pb_column type=\u00bb2_3&#8243; _builder_version=\u00bb4.25.1&#8243; background_color=\u00bb#ffffff\u00bb custom_padding=\u00bb50px|50px|50px|50px\u00bb custom_padding_tablet=\u00bb50px|25px|50px|25px\u00bb custom_padding_phone=\u00bb25px||0px||false|false\u00bb custom_padding_last_edited=\u00bbon|phone\u00bb global_colors_info=\u00bb{}\u00bb padding_tablet=\u00bb50px|25px|50px|25px\u00bb padding_last_edited=\u00bbon|phone\u00bb custom_padding__hover=\u00bb|||\u00bb padding_phone=\u00bb50px|25px|50px|25px\u00bb][et_pb_text _builder_version=\u00bb4.25.1&#8243; global_colors_info=\u00bb{}\u00bb]<\/p>\n<h3><strong>Contacto<\/strong><\/h3>\n<p>[\/et_pb_text][et_pb_contact_form email=\u00bbnakiva-web@ach-gonar.com\u00bb custom_message=\u00bbNombre: %%First_name%%||et_pb_line_break_holder||Apellidos: %%Last_name%%||et_pb_line_break_holder||Correo Electr\u00f3nico: %%Email%%||et_pb_line_break_holder||Tel\u00e9fono: %%Phone%%||et_pb_line_break_holder||Mensaje: %%Message%%||et_pb_line_break_holder||URL: %%Link%%\u00bb success_message=\u00bbTu mensaje ha sido enviado\u00bb module_id=\u00bbet_pb_contact_form_0&#8243; module_class=\u00bbform-cont\u00bb _builder_version=\u00bb4.27.4&#8243; form_field_background_color=\u00bbrgba(29,47,72,0)\u00bb form_field_text_color=\u00bb#000000&#8243; form_field_custom_padding=\u00bb0px||||false|false\u00bb background_color=\u00bbrgba(255,255,255,0.66)\u00bb custom_button=\u00bbon\u00bb button_text_size=\u00bb14px\u00bb button_text_color=\u00bb#474747&#8243; button_bg_color=\u00bb#FFFFFF\u00bb button_border_width=\u00bb1px\u00bb button_letter_spacing=\u00bb0px\u00bb button_font=\u00bb|700|||||||\u00bb button_custom_margin=\u00bb13px|||52px|false|false\u00bb button_custom_margin_tablet=\u00bb11px|||52px|false|false\u00bb button_custom_margin_phone=\u00bb12px|-5px||64px|false|false\u00bb button_custom_margin_last_edited=\u00bbon|phone\u00bb module_alignment=\u00bbcenter\u00bb height=\u00bb266px\u00bb custom_margin=\u00bb-23px|||0px|false|false\u00bb custom_padding=\u00bb|||0px|false|false\u00bb custom_padding_last_edited=\u00bboff|phone\u00bb button_text_size_tablet=\u00bb14px\u00bb button_text_size_phone=\u00bb16px\u00bb button_text_size_last_edited=\u00bbon|phone\u00bb custom_css_free_form=\u00bb.form-cont.et_pb_contact_field_options_title {||display: none !important;||}\u00bb custom_css_contact_button=\u00bbmargin-top: 25px;||margin-left: 0px;|| width: 100%;\u00bb custom_css_contact_fields=\u00bbborder-bottom: 1px solid #000;\u00bb custom_css_text_field=\u00bbborder-bottom: 1px solid #000;\u00bb custom_css_captcha_label=\u00bbcolor: #000;\u00bb border_radii=\u00bb0&#8243; border_style_all=\u00bbsolid\u00bb border_width_bottom=\u00bb1px\u00bb border_style=\u00bbsolid\u00bb input_border_radius=\u00bb0&#8243; form_background_color=\u00bbrgba(29,47,72,0)\u00bb global_colors_info=\u00bb{}\u00bb][et_pb_contact_field field_id=\u00bbFirst_name\u00bb field_title=\u00bbNombre\u00bb _builder_version=\u00bb4.25.1&#8243; form_field_font=\u00bb||||\u00bb form_field_text_align=\u00bbleft\u00bb text_orientation=\u00bbleft\u00bb use_border_color=\u00bboff\u00bb border_style=\u00bbsolid\u00bb global_colors_info=\u00bb{}\u00bb button_text_size__hover_enabled=\u00bboff\u00bb button_one_text_size__hover_enabled=\u00bboff\u00bb button_two_text_size__hover_enabled=\u00bboff\u00bb button_text_color__hover_enabled=\u00bboff\u00bb button_one_text_color__hover_enabled=\u00bboff\u00bb button_two_text_color__hover_enabled=\u00bboff\u00bb button_border_width__hover_enabled=\u00bboff\u00bb button_one_border_width__hover_enabled=\u00bboff\u00bb button_two_border_width__hover_enabled=\u00bboff\u00bb button_border_color__hover_enabled=\u00bboff\u00bb button_one_border_color__hover_enabled=\u00bboff\u00bb button_two_border_color__hover_enabled=\u00bboff\u00bb button_border_radius__hover_enabled=\u00bboff\u00bb button_one_border_radius__hover_enabled=\u00bboff\u00bb button_two_border_radius__hover_enabled=\u00bboff\u00bb button_letter_spacing__hover_enabled=\u00bboff\u00bb button_one_letter_spacing__hover_enabled=\u00bboff\u00bb button_two_letter_spacing__hover_enabled=\u00bboff\u00bb button_bg_color__hover_enabled=\u00bboff\u00bb button_one_bg_color__hover_enabled=\u00bboff\u00bb button_two_bg_color__hover_enabled=\u00bboff\u00bb][\/et_pb_contact_field][et_pb_contact_field field_id=\u00bbLast_name\u00bb field_title=\u00bbApellidos\u00bb _builder_version=\u00bb4.25.1&#8243; form_field_font=\u00bb||||\u00bb form_field_text_align=\u00bbleft\u00bb text_orientation=\u00bbleft\u00bb use_border_color=\u00bboff\u00bb border_style=\u00bbsolid\u00bb global_colors_info=\u00bb{}\u00bb button_text_size__hover_enabled=\u00bboff\u00bb button_one_text_size__hover_enabled=\u00bboff\u00bb button_two_text_size__hover_enabled=\u00bboff\u00bb button_text_color__hover_enabled=\u00bboff\u00bb button_one_text_color__hover_enabled=\u00bboff\u00bb button_two_text_color__hover_enabled=\u00bboff\u00bb button_border_width__hover_enabled=\u00bboff\u00bb button_one_border_width__hover_enabled=\u00bboff\u00bb button_two_border_width__hover_enabled=\u00bboff\u00bb button_border_color__hover_enabled=\u00bboff\u00bb button_one_border_color__hover_enabled=\u00bboff\u00bb button_two_border_color__hover_enabled=\u00bboff\u00bb button_border_radius__hover_enabled=\u00bboff\u00bb button_one_border_radius__hover_enabled=\u00bboff\u00bb button_two_border_radius__hover_enabled=\u00bboff\u00bb button_letter_spacing__hover_enabled=\u00bboff\u00bb button_one_letter_spacing__hover_enabled=\u00bboff\u00bb button_two_letter_spacing__hover_enabled=\u00bboff\u00bb button_bg_color__hover_enabled=\u00bboff\u00bb button_one_bg_color__hover_enabled=\u00bboff\u00bb button_two_bg_color__hover_enabled=\u00bboff\u00bb][\/et_pb_contact_field][et_pb_contact_field field_id=\u00bbEmail\u00bb field_title=\u00bbCorreo electr\u00f3nico\u00bb field_type=\u00bbemail\u00bb _builder_version=\u00bb4.25.1&#8243; form_field_font=\u00bb||||\u00bb form_field_text_align=\u00bbleft\u00bb text_orientation=\u00bbleft\u00bb use_border_color=\u00bboff\u00bb border_style=\u00bbsolid\u00bb global_colors_info=\u00bb{}\u00bb button_text_size__hover_enabled=\u00bboff\u00bb button_one_text_size__hover_enabled=\u00bboff\u00bb button_two_text_size__hover_enabled=\u00bboff\u00bb button_text_color__hover_enabled=\u00bboff\u00bb button_one_text_color__hover_enabled=\u00bboff\u00bb button_two_text_color__hover_enabled=\u00bboff\u00bb button_border_width__hover_enabled=\u00bboff\u00bb button_one_border_width__hover_enabled=\u00bboff\u00bb button_two_border_width__hover_enabled=\u00bboff\u00bb button_border_color__hover_enabled=\u00bboff\u00bb button_one_border_color__hover_enabled=\u00bboff\u00bb button_two_border_color__hover_enabled=\u00bboff\u00bb button_border_radius__hover_enabled=\u00bboff\u00bb button_one_border_radius__hover_enabled=\u00bboff\u00bb button_two_border_radius__hover_enabled=\u00bboff\u00bb button_letter_spacing__hover_enabled=\u00bboff\u00bb button_one_letter_spacing__hover_enabled=\u00bboff\u00bb button_two_letter_spacing__hover_enabled=\u00bboff\u00bb button_bg_color__hover_enabled=\u00bboff\u00bb button_one_bg_color__hover_enabled=\u00bboff\u00bb button_two_bg_color__hover_enabled=\u00bboff\u00bb][\/et_pb_contact_field][et_pb_contact_field field_id=\u00bbPhone\u00bb field_title=\u00bbTel\u00e9fono\u00bb _builder_version=\u00bb4.25.1&#8243; form_field_font=\u00bb||||\u00bb form_field_text_align=\u00bbleft\u00bb text_orientation=\u00bbleft\u00bb use_border_color=\u00bboff\u00bb border_style=\u00bbsolid\u00bb global_colors_info=\u00bb{}\u00bb button_text_size__hover_enabled=\u00bboff\u00bb button_one_text_size__hover_enabled=\u00bboff\u00bb button_two_text_size__hover_enabled=\u00bboff\u00bb button_text_color__hover_enabled=\u00bboff\u00bb button_one_text_color__hover_enabled=\u00bboff\u00bb button_two_text_color__hover_enabled=\u00bboff\u00bb button_border_width__hover_enabled=\u00bboff\u00bb button_one_border_width__hover_enabled=\u00bboff\u00bb button_two_border_width__hover_enabled=\u00bboff\u00bb button_border_color__hover_enabled=\u00bboff\u00bb button_one_border_color__hover_enabled=\u00bboff\u00bb button_two_border_color__hover_enabled=\u00bboff\u00bb button_border_radius__hover_enabled=\u00bboff\u00bb button_one_border_radius__hover_enabled=\u00bboff\u00bb button_two_border_radius__hover_enabled=\u00bboff\u00bb button_letter_spacing__hover_enabled=\u00bboff\u00bb button_one_letter_spacing__hover_enabled=\u00bboff\u00bb button_two_letter_spacing__hover_enabled=\u00bboff\u00bb button_bg_color__hover_enabled=\u00bboff\u00bb button_one_bg_color__hover_enabled=\u00bboff\u00bb button_two_bg_color__hover_enabled=\u00bboff\u00bb][\/et_pb_contact_field][et_pb_contact_field field_id=\u00bbMessage\u00bb field_title=\u00bbEscriba su mensaje\u00bb field_type=\u00bbtext\u00bb fullwidth_field=\u00bbon\u00bb _builder_version=\u00bb4.25.1&#8243; global_colors_info=\u00bb{}\u00bb button_text_size__hover_enabled=\u00bboff\u00bb button_one_text_size__hover_enabled=\u00bboff\u00bb button_two_text_size__hover_enabled=\u00bboff\u00bb button_text_color__hover_enabled=\u00bboff\u00bb button_one_text_color__hover_enabled=\u00bboff\u00bb button_two_text_color__hover_enabled=\u00bboff\u00bb button_border_width__hover_enabled=\u00bboff\u00bb button_one_border_width__hover_enabled=\u00bboff\u00bb button_two_border_width__hover_enabled=\u00bboff\u00bb button_border_color__hover_enabled=\u00bboff\u00bb button_one_border_color__hover_enabled=\u00bboff\u00bb button_two_border_color__hover_enabled=\u00bboff\u00bb button_border_radius__hover_enabled=\u00bboff\u00bb button_one_border_radius__hover_enabled=\u00bboff\u00bb button_two_border_radius__hover_enabled=\u00bboff\u00bb button_letter_spacing__hover_enabled=\u00bboff\u00bb button_one_letter_spacing__hover_enabled=\u00bboff\u00bb button_two_letter_spacing__hover_enabled=\u00bboff\u00bb button_bg_color__hover_enabled=\u00bboff\u00bb button_one_bg_color__hover_enabled=\u00bboff\u00bb button_two_bg_color__hover_enabled=\u00bboff\u00bb][\/et_pb_contact_field][et_pb_contact_field field_id=\u00bbLink\u00bb field_title=\u00bbLink\u00bb fullwidth_field=\u00bbon\u00bb _builder_version=\u00bb4.25.1&#8243; _module_preset=\u00bbdefault\u00bb global_colors_info=\u00bb{}\u00bb][\/et_pb_contact_field][et_pb_contact_field field_id=\u00bbPrivacidad\u00bb field_title=\u00bbConsentimiento:\u00bb field_type=\u00bbcheckbox\u00bb checkbox_options=\u00bb%91{%22value%22:%22He le\u00eddo, comprendo y acepto la %22,%22checked%22:0,%22dragID%22:-1,%22link_url%22:%22https:\/\/cerramientosnakiva.com\/index.php\/politica-de-cookies\/%22,%22link_text%22:%22Pol\u00edtica de privacidad%22},{%22value%22:%22He le\u00eddo, comprendo y acepto el%22,%22checked%22:0,%22dragID%22:0,%22link_url%22:%22https:\/\/cerramientosnakiva.com\/index.php\/aviso-legal\/%22,%22link_text%22:%22Aviso legal%22},{%22value%22:%22He le\u00eddo y acepto la pol\u00edtica de privacidad, y acepto el tratamiento de mis datos personales para el env\u00edo de promociones, ofertas y otras comunicaciones%22,%22checked%22:0,%22dragID%22:1}%93&#8243; fullwidth_field=\u00bbon\u00bb _builder_version=\u00bb4.27.4&#8243; _module_preset=\u00bbdefault\u00bb form_field_font_size=\u00bb12px\u00bb form_field_line_height=\u00bb2em\u00bb hover_enabled=\u00bb0&#8243; global_colors_info=\u00bb{}\u00bb sticky_enabled=\u00bb0&#8243;][\/et_pb_contact_field][\/et_pb_contact_form][et_pb_code _builder_version=\u00bb4.25.1&#8243; _module_preset=\u00bbdefault\u00bb global_colors_info=\u00bb{}\u00bb]<script><!-- [et_pb_line_break_holder] -->(function( $ ) {<!-- [et_pb_line_break_holder] -->  $(document).ready(function(){<!-- [et_pb_line_break_holder] --><!-- [et_pb_line_break_holder] -->  var URLactual = window.location;<!-- [et_pb_line_break_holder] --><!-- [et_pb_line_break_holder] -->document.querySelector('p[data-id=\"link\"] input').setAttribute('value', URLactual);<!-- [et_pb_line_break_holder] --><!-- [et_pb_line_break_holder] -->  });<!-- [et_pb_line_break_holder] -->})( jQuery );<!-- [et_pb_line_break_holder] --><\/script><!-- [et_pb_line_break_holder] --><!-- [et_pb_line_break_holder] --><\/p>\n<style><!-- [et_pb_line_break_holder] -->  p[data-id=\"link\"] {<!-- [et_pb_line_break_holder] -->     margin-bottom:0px;<!-- [et_pb_line_break_holder] -->     height:0px;<!-- [et_pb_line_break_holder] -->  }  <!-- [et_pb_line_break_holder] --><!-- [et_pb_line_break_holder] -->  p[data-id=\"link\"] input {<!-- [et_pb_line_break_holder] -->     visibility:hidden;<!-- [et_pb_line_break_holder] -->height:0px;<!-- [et_pb_line_break_holder] -->  }<!-- [et_pb_line_break_holder] --><!-- [et_pb_line_break_holder] --><\/style>\n<p>[\/et_pb_code][\/et_pb_column][et_pb_column type=\u00bb1_3&#8243; admin_label=\u00bbCol-Der\u00bb _builder_version=\u00bb4.25.1&#8243; background_color=\u00bb#FFFFFF\u00bb background_image=\u00bbhttp:\/\/ach-gonar.com\/wp-content\/uploads\/2024\/05\/Back-Notfound-404.jpg\u00bb custom_padding=\u00bb||21px||false|false\u00bb custom_padding_tablet=\u00bb||22px||false|false\u00bb custom_padding_phone=\u00bb0px||25px||false|false\u00bb custom_padding_last_edited=\u00bbon|phone\u00bb global_colors_info=\u00bb{}\u00bb padding_last_edited=\u00bboff|phone\u00bb custom_padding__hover=\u00bb|||\u00bb][et_pb_image src=\u00bbhttp:\/\/ach-gonar.com\/wp-content\/uploads\/2024\/06\/Fondo-Cont.jpg\u00bb alt=\u00bbF-Cont\u00bb title_text=\u00bbFondo-Cont\u00bb align_tablet=\u00bbcenter\u00bb align_phone=\u00bb\u00bb align_last_edited=\u00bbon|desktop\u00bb _builder_version=\u00bb4.25.1&#8243; max_height=\u00bb983px\u00bb max_height_tablet=\u00bb983px\u00bb max_height_phone=\u00bb983px\u00bb max_height_last_edited=\u00bbon|phone\u00bb border_style=\u00bbsolid\u00bb global_colors_info=\u00bb{}\u00bb][\/et_pb_image][et_pb_blurb title=\u00bbDirecci\u00f3n\u00bb use_icon=\u00bbon\u00bb font_icon=\u00bb&#xe074;||divi||400&#8243; icon_color=\u00bb#ffffff\u00bb icon_placement=\u00bbleft\u00bb image_icon_width=\u00bb20px\u00bb module_class=\u00bbcontact_detail_blurb\u00bb _builder_version=\u00bb4.25.1&#8243; header_font=\u00bb|on|||\u00bb header_font_size=\u00bb16&#8243; body_font_size=\u00bb15&#8243; body_line_height=\u00bb1.5em\u00bb background_layout=\u00bbdark\u00bb custom_padding=\u00bb|||50px\u00bb custom_padding_tablet=\u00bb\u00bb custom_padding_phone=\u00bb|||25px\u00bb custom_padding_last_edited=\u00bbon|phone\u00bb animation=\u00bboff\u00bb border_style_all=\u00bbsolid\u00bb border_style=\u00bbsolid\u00bb icon_font_size=\u00bb20px\u00bb global_colors_info=\u00bb{}\u00bb]<\/p>\n<p>P.I. Cortijo Amaya, Nave 17<br \/>29793 \u2013 Torrox Costa, M\u00e1laga<\/p>\n<p>[\/et_pb_blurb][et_pb_blurb title=\u00bb(+34) 952-523758&#8243; use_icon=\u00bbon\u00bb font_icon=\u00bb&#xe090;||divi||400&#8243; icon_color=\u00bb#ffffff\u00bb icon_placement=\u00bbleft\u00bb image_icon_width=\u00bb20px\u00bb module_class=\u00bbcontact_detail_blurb\u00bb _builder_version=\u00bb4.25.1&#8243; header_font=\u00bb|on|||\u00bb header_font_size=\u00bb16&#8243; body_font_size=\u00bb15&#8243; body_line_height=\u00bb1.5em\u00bb background_layout=\u00bbdark\u00bb custom_padding=\u00bb|||50px\u00bb custom_padding_tablet=\u00bb\u00bb custom_padding_phone=\u00bb|||25px\u00bb custom_padding_last_edited=\u00bbon|phone\u00bb animation=\u00bboff\u00bb custom_css_blurb_title=\u00bbmargin-top: 3px;\u00bb border_style=\u00bbsolid\u00bb icon_font_size=\u00bb20px\u00bb global_colors_info=\u00bb{}\u00bb][\/et_pb_blurb][et_pb_blurb title=\u00bbadministracion@nakiva.es\u00bb use_icon=\u00bbon\u00bb font_icon=\u00bb&#xe076;||divi||400&#8243; icon_color=\u00bb#ffffff\u00bb icon_placement=\u00bbleft\u00bb image_icon_width=\u00bb20px\u00bb module_class=\u00bbcontact_detail_blurb\u00bb _builder_version=\u00bb4.25.1&#8243; header_font=\u00bb|on|||\u00bb header_font_size=\u00bb16&#8243; body_font_size=\u00bb15&#8243; body_line_height=\u00bb1.5em\u00bb background_layout=\u00bbdark\u00bb custom_padding=\u00bb|||50px\u00bb custom_padding_tablet=\u00bb\u00bb custom_padding_phone=\u00bb|||25px\u00bb custom_padding_last_edited=\u00bbon|phone\u00bb animation=\u00bboff\u00bb custom_css_blurb_title=\u00bbmargin-top: 3px;||text-transform: lowercase;\u00bb border_style=\u00bbsolid\u00bb icon_font_size=\u00bb20px\u00bb global_colors_info=\u00bb{}\u00bb][\/et_pb_blurb][et_pb_social_media_follow url_new_window=\u00bboff\u00bb _builder_version=\u00bb4.25.1&#8243; text_orientation=\u00bbcenter\u00bb border_radii=\u00bbon|100%|100%|100%|100%\u00bb link_shape=\u00bbcircle\u00bb global_colors_info=\u00bb{}\u00bb][et_pb_social_media_follow_network social_network=\u00bbfacebook\u00bb url=\u00bbhttps:\/\/www.facebook.com\/profile.php?id=100064244131490&#8243; _builder_version=\u00bb4.25.1&#8243; background_color=\u00bb#3b5998&#8243; global_colors_info=\u00bb{}\u00bb follow_button=\u00bboff\u00bb url_new_window=\u00bboff\u00bb]Facebook<br \/>\n[\/et_pb_social_media_follow_network][et_pb_social_media_follow_network social_network=\u00bblinkedin\u00bb url=\u00bbhttp:\/\/www.linkedin.com\/in\/cerramientos-nakiva-239a19295&#8243; _builder_version=\u00bb4.25.1&#8243; background_color=\u00bb#007bb6&#8243; global_colors_info=\u00bb{}\u00bb follow_button=\u00bboff\u00bb url_new_window=\u00bboff\u00bb]linkedin[\/et_pb_social_media_follow_network][et_pb_social_media_follow_network social_network=\u00bbinstagram\u00bb url=\u00bbhttps:\/\/www.instagram.com\/cerramientos.nakiva\/\u00bb _builder_version=\u00bb4.25.1&#8243; background_color=\u00bb#ea2c59&#8243; global_colors_info=\u00bb{}\u00bb follow_button=\u00bboff\u00bb url_new_window=\u00bboff\u00bb]instagram[\/et_pb_social_media_follow_network][\/et_pb_social_media_follow][\/et_pb_column][\/et_pb_row][\/et_pb_section]<\/p>\n","protected":false},"excerpt":{"rendered":"<p>Mant\u00e9ngase enContactoContactoP.I. Cortijo Amaya, Nave 1729793 \u2013 Torrox Costa, M\u00e1laga<\/p>\n","protected":false},"author":1,"featured_media":0,"parent":0,"menu_order":0,"comment_status":"closed","ping_status":"closed","template":"","meta":{"_et_pb_use_builder":"on","_et_pb_old_content":"","_et_gb_content_width":"","inline_featured_image":false,"footnotes":""},"class_list":["post-9129","page","type-page","status-publish","hentry"],"_links":{"self":[{"href":"https:\/\/cerramientosnakiva.com\/index.php\/wp-json\/wp\/v2\/pages\/9129","targetHints":{"allow":["GET"]}}],"collection":[{"href":"https:\/\/cerramientosnakiva.com\/index.php\/wp-json\/wp\/v2\/pages"}],"about":[{"href":"https:\/\/cerramientosnakiva.com\/index.php\/wp-json\/wp\/v2\/types\/page"}],"author":[{"embeddable":true,"href":"https:\/\/cerramientosnakiva.com\/index.php\/wp-json\/wp\/v2\/users\/1"}],"replies":[{"embeddable":true,"href":"https:\/\/cerramientosnakiva.com\/index.php\/wp-json\/wp\/v2\/comments?post=9129"}],"version-history":[{"count":67,"href":"https:\/\/cerramientosnakiva.com\/index.php\/wp-json\/wp\/v2\/pages\/9129\/revisions"}],"predecessor-version":[{"id":246627,"href":"https:\/\/cerramientosnakiva.com\/index.php\/wp-json\/wp\/v2\/pages\/9129\/revisions\/246627"}],"wp:attachment":[{"href":"https:\/\/cerramientosnakiva.com\/index.php\/wp-json\/wp\/v2\/media?parent=9129"}],"curies":[{"name":"wp","href":"https:\/\/api.w.org\/{rel}","templated":true}]}}