{"id":244960,"date":"2024-06-20T12:54:45","date_gmt":"2024-06-20T10:54:45","guid":{"rendered":"https:\/\/cerramientosnakiva.com\/?page_id=244960"},"modified":"2025-05-19T16:03:06","modified_gmt":"2025-05-19T14:03:06","slug":"sn-malaka-panoramic","status":"publish","type":"page","link":"https:\/\/cerramientosnakiva.com\/index.php\/sn-malaka-panoramic\/","title":{"rendered":"SN MALAKA (Panoramic)"},"content":{"rendered":"<p>[et_pb_section fb_built=\u00bb1&#8243; _builder_version=\u00bb4.25.1&#8243; background_image=\u00bbhttps:\/\/cerramientosnakiva.com\/wp-content\/uploads\/2024\/06\/SNMALAKA-H.jpg\u00bb parallax=\u00bbon\u00bb parallax_method=\u00bboff\u00bb bottom_divider_style=\u00bbarrow2&#8243; bottom_divider_color=\u00bb#ffffff\u00bb bottom_divider_height_tablet=\u00bb\u00bb bottom_divider_height_phone=\u00bb63px\u00bb bottom_divider_height_last_edited=\u00bbon|phone\u00bb global_colors_info=\u00bb{}\u00bb][et_pb_row custom_padding_last_edited=\u00bbon|phone\u00bb _builder_version=\u00bb4.25.1&#8243; background_size=\u00bbinitial\u00bb background_position=\u00bbtop_left\u00bb background_repeat=\u00bbrepeat\u00bb custom_padding=\u00bb50px|0px|60px|0px\u00bb custom_padding_tablet=\u00bb50px|0px|60px|0px\u00bb custom_padding_phone=\u00bb12px||6px||false|false\u00bb global_colors_info=\u00bb{}\u00bb][et_pb_column type=\u00bb4_4&#8243; _builder_version=\u00bb4.16&#8243; custom_padding=\u00bb|||\u00bb global_colors_info=\u00bb{}\u00bb custom_padding__hover=\u00bb|||\u00bb][et_pb_text disabled_on=\u00bboff|off|off\u00bb _builder_version=\u00bb4.25.1&#8243; text_font=\u00bb|800|||||||\u00bb text_text_color=\u00bbrgba(127,175,208,0.25)\u00bb text_font_size=\u00bb100px\u00bb header_font=\u00bb||||||||\u00bb text_orientation=\u00bbcenter\u00bb custom_margin=\u00bb||-7px|\u00bb animation_style=\u00bbzoom\u00bb text_font_size_tablet=\u00bb100px\u00bb text_font_size_phone=\u00bb47px\u00bb text_font_size_last_edited=\u00bbon|phone\u00bb global_colors_info=\u00bb{}\u00bb]<\/p>\n<p><span style=\"color: #808080;\">Corredera<\/span><\/p>\n<p>[\/et_pb_text][et_pb_text _builder_version=\u00bb4.25.1&#8243; text_font=\u00bb||||||||\u00bb text_font_size=\u00bb39px\u00bb header_font=\u00bb||||||||\u00bb header_2_font=\u00bb|800|||||||\u00bb header_2_text_align=\u00bbcenter\u00bb header_2_text_color=\u00bb#ffffff\u00bb header_2_font_size=\u00bb60px\u00bb text_orientation=\u00bbcenter\u00bb background_layout=\u00bbdark\u00bb max_width=\u00bb77%\u00bb module_alignment=\u00bbcenter\u00bb custom_margin=\u00bb||20px|\u00bb custom_padding=\u00bb|0px||0px|false|false\u00bb animation_style=\u00bbslide\u00bb animation_direction=\u00bbbottom\u00bb text_font_size_tablet=\u00bb39px\u00bb text_font_size_phone=\u00bb23px\u00bb text_font_size_last_edited=\u00bbon|phone\u00bb header_2_font_size_tablet=\u00bb\u00bb header_2_font_size_phone=\u00bb30px\u00bb header_2_font_size_last_edited=\u00bbon|phone\u00bb header_2_text_shadow_style=\u00bbpreset2&#8243; header_2_text_shadow_horizontal_length=\u00bb0em\u00bb header_2_text_shadow_vertical_length=\u00bb0.1em\u00bb header_2_text_shadow_blur_strength=\u00bb0.1em\u00bb header_2_text_shadow_color=\u00bbrgba(0,0,0,0.3)\u00bb global_colors_info=\u00bb{}\u00bb]<\/p>\n<h2>SN MALAKA<\/h2>\n<p><parag><strong>(Panoramic)<\/strong><\/parag><\/p>\n<p>[\/et_pb_text][et_pb_button button_url=\u00bbhttps:\/\/cerramientosnakiva.com\/wp-content\/uploads\/2024\/07\/MAL-PAN-FT.pdf\u00bb url_new_window=\u00bbon\u00bb button_text=\u00bbFicha T\u00e9cnica\u00bb button_alignment=\u00bbcenter\u00bb module_class=\u00bbdownload-button\u00bb _builder_version=\u00bb4.25.1&#8243; custom_button=\u00bbon\u00bb button_text_size=\u00bb18px\u00bb button_text_color=\u00bb#ffffff\u00bb button_bg_use_color_gradient=\u00bbon\u00bb button_bg_color_gradient_direction=\u00bb135deg\u00bb button_bg_color_gradient_stops=\u00bb#e0cd00 0%|#d68e00 100%\u00bb button_bg_color_gradient_start=\u00bb#e0cd00&#8243; button_bg_color_gradient_end=\u00bb#d68e00&#8243; button_border_width=\u00bb0px\u00bb button_border_radius=\u00bb42px\u00bb button_letter_spacing=\u00bb1px\u00bb button_font=\u00bb|700||on|||||\u00bb button_use_icon=\u00bboff\u00bb custom_margin=\u00bb25px|||\u00bb custom_padding=\u00bb|25px||25px\u00bb animation_style=\u00bbzoom\u00bb box_shadow_style=\u00bbpreset1&#8243; box_shadow_blur=\u00bb35px\u00bb box_shadow_color=\u00bbrgba(0,0,0,0.38)\u00bb button_text_color_hover=\u00bb#1e5096&#8243; global_colors_info=\u00bb{}\u00bb button_text_size__hover_enabled=\u00bboff\u00bb button_one_text_size__hover_enabled=\u00bboff\u00bb button_two_text_size__hover_enabled=\u00bboff\u00bb button_text_color__hover_enabled=\u00bbon\u00bb button_text_color__hover=\u00bb#1e5096&#8243; button_one_text_color__hover_enabled=\u00bboff\u00bb button_two_text_color__hover_enabled=\u00bboff\u00bb button_border_width__hover_enabled=\u00bboff\u00bb button_one_border_width__hover_enabled=\u00bboff\u00bb button_two_border_width__hover_enabled=\u00bboff\u00bb button_border_color__hover_enabled=\u00bboff\u00bb button_one_border_color__hover_enabled=\u00bboff\u00bb button_two_border_color__hover_enabled=\u00bboff\u00bb button_border_radius__hover_enabled=\u00bboff\u00bb button_one_border_radius__hover_enabled=\u00bboff\u00bb button_two_border_radius__hover_enabled=\u00bboff\u00bb button_letter_spacing__hover_enabled=\u00bboff\u00bb button_one_letter_spacing__hover_enabled=\u00bboff\u00bb button_two_letter_spacing__hover_enabled=\u00bboff\u00bb button_bg_color__hover_enabled=\u00bboff\u00bb button_one_bg_color__hover_enabled=\u00bboff\u00bb button_two_bg_color__hover_enabled=\u00bboff\u00bb][\/et_pb_button][\/et_pb_column][\/et_pb_row][\/et_pb_section][et_pb_section fb_built=\u00bb1&#8243; custom_padding_last_edited=\u00bbon|phone\u00bb _builder_version=\u00bb4.25.1&#8243; background_color=\u00bb#ffffff\u00bb custom_padding=\u00bb61px|0px|0px|0px|false|false\u00bb custom_padding_tablet=\u00bb\u00bb custom_padding_phone=\u00bb||24px||false|false\u00bb top_divider_color=\u00bb#f5f5f5&#8243; bottom_divider_color=\u00bb#E02B20&#8243; bottom_divider_height=\u00bb181px\u00bb bottom_divider_flip=\u00bbvertical\u00bb bottom_divider_height_tablet=\u00bb\u00bb bottom_divider_height_phone=\u00bb58px\u00bb bottom_divider_height_last_edited=\u00bbon|phone\u00bb global_colors_info=\u00bb{}\u00bb][et_pb_row column_structure=\u00bb2_3,1_3&#8243; custom_padding_last_edited=\u00bbon|phone\u00bb _builder_version=\u00bb4.25.1&#8243; background_size=\u00bbinitial\u00bb background_position=\u00bbtop_left\u00bb background_repeat=\u00bbrepeat\u00bb custom_padding=\u00bb0px|0px|45px|0px\u00bb custom_padding_tablet=\u00bb\u00bb custom_padding_phone=\u00bb||0px|\u00bb global_colors_info=\u00bb{}\u00bb][et_pb_column type=\u00bb2_3&#8243; _builder_version=\u00bb4.16&#8243; custom_padding=\u00bb|||\u00bb global_colors_info=\u00bb{}\u00bb custom_padding__hover=\u00bb|||\u00bb][et_pb_text _builder_version=\u00bb4.25.1&#8243; text_font=\u00bb||||||||\u00bb text_font_size=\u00bb20px\u00bb text_line_height=\u00bb1.78em\u00bb header_font=\u00bb||||||||\u00bb header_2_font=\u00bb|800|||||||\u00bb header_2_text_color=\u00bb#1e5096&#8243; header_2_font_size=\u00bb36px\u00bb custom_margin=\u00bb||20px|\u00bb animation_style=\u00bbslide\u00bb animation_direction=\u00bbbottom\u00bb header_2_font_size_tablet=\u00bb\u00bb header_2_font_size_phone=\u00bb30px\u00bb header_2_font_size_last_edited=\u00bbon|phone\u00bb global_colors_info=\u00bb{}\u00bb]<\/p>\n<p style=\"text-align: justify;\"><strong>Sistema de ventana y balconera<\/strong><span>\u00a0correderas de 70 mm de profundidad de marco con un\u00a0<\/span><strong>\u00f3ptimo rendimiento t\u00e9rmico y ac\u00fastico.<\/strong><span>\u00a0Posibilidad de <strong>nudo central minimalista<\/strong> de 30 mm.<\/span><\/p>\n<p>[\/et_pb_text][et_pb_text content_tablet=\u00bb<\/p>\n<p><strong>Posibilidades<\/strong><br \/>\u00bb Accesibilidad<br \/>\u00bb Herraje de seguridad<br \/>\u00bb Drenaje oculto<\/p>\n<p>\u00bb content_phone=\u00bb<\/p>\n<p style=%22text-align: center;%22><strong>Posibilidades<\/strong><br \/>\u00bb Accesibilidad<br \/>\u00bb Herraje de seguridad<br \/>\u00bb Drenaje oculto<\/p>\n<p>\u00bb content_last_edited=\u00bbon|phone\u00bb _builder_version=\u00bb4.25.1&#8243; text_font=\u00bb||||||||\u00bb text_font_size=\u00bb20px\u00bb text_line_height=\u00bb1.78em\u00bb header_font=\u00bb||||||||\u00bb header_2_font=\u00bb|800|||||||\u00bb header_2_text_color=\u00bb#1e5096&#8243; header_2_font_size=\u00bb36px\u00bb custom_margin=\u00bb||20px|\u00bb custom_margin_tablet=\u00bb||20px|\u00bb custom_margin_phone=\u00bb||20px|\u00bb custom_margin_last_edited=\u00bbon|phone\u00bb custom_padding=\u00bb0px||8px||false|false\u00bb animation_style=\u00bbslide\u00bb animation_direction=\u00bbbottom\u00bb header_2_font_size_tablet=\u00bb\u00bb header_2_font_size_phone=\u00bb30px\u00bb header_2_font_size_last_edited=\u00bbon|phone\u00bb global_colors_info=\u00bb{}\u00bb]<\/p>\n<p><strong>Posibilidades<\/strong><br \/><span>\u00bb Herraje de seguridad<\/span><br \/><span>\u00bb Accesibilidad<\/span><\/p>\n<p>[\/et_pb_text][et_pb_divider color=\u00bb#e0cd00&#8243; divider_position=\u00bbcenter\u00bb divider_weight=\u00bb7px\u00bb _builder_version=\u00bb4.25.1&#8243; max_width=\u00bb15%\u00bb module_alignment=\u00bbleft\u00bb height=\u00bb40px\u00bb custom_margin=\u00bb-18px||||false|false\u00bb custom_padding_tablet=\u00bb\u00bb custom_padding_phone=\u00bb0px||0px||false|false\u00bb custom_padding_last_edited=\u00bbon|phone\u00bb animation_style=\u00bbslide\u00bb animation_direction=\u00bbleft\u00bb module_alignment_tablet=\u00bbleft\u00bb module_alignment_phone=\u00bbcenter\u00bb module_alignment_last_edited=\u00bbon|phone\u00bb global_colors_info=\u00bb{}\u00bb][\/et_pb_divider][\/et_pb_column][et_pb_column type=\u00bb1_3&#8243; _builder_version=\u00bb4.16&#8243; custom_padding=\u00bb|||\u00bb global_colors_info=\u00bb{}\u00bb custom_padding__hover=\u00bb|||\u00bb][et_pb_image src=\u00bbhttps:\/\/cerramientosnakiva.com\/wp-content\/uploads\/2024\/06\/C70-NudoCent-Min.jpg\u00bb alt=\u00bbC70-Nudo-Cent\u00bb title_text=\u00bbC70-NudoCent-Min\u00bb _builder_version=\u00bb4.25.1&#8243; _module_preset=\u00bbdefault\u00bb module_alignment=\u00bbright\u00bb height=\u00bb333px\u00bb custom_margin=\u00bb0px||0px||false|false\u00bb custom_margin_tablet=\u00bb||24px||false|false\u00bb custom_margin_phone=\u00bb||24px||false|false\u00bb custom_margin_last_edited=\u00bbon|desktop\u00bb custom_padding=\u00bb||22px|54px|false|false\u00bb module_alignment_tablet=\u00bbright\u00bb module_alignment_phone=\u00bbright\u00bb module_alignment_last_edited=\u00bbon|desktop\u00bb global_colors_info=\u00bb{}\u00bb][\/et_pb_image][\/et_pb_column][\/et_pb_row][et_pb_row column_structure=\u00bb1_3,1_3,1_3&#8243; custom_padding_last_edited=\u00bbon|phone\u00bb _builder_version=\u00bb4.25.1&#8243; background_size=\u00bbinitial\u00bb background_position=\u00bbtop_left\u00bb background_repeat=\u00bbrepeat\u00bb custom_margin=\u00bb-43px||||false|false\u00bb custom_margin_tablet=\u00bb-43px||||false|false\u00bb custom_margin_phone=\u00bb-43px||||false|false\u00bb custom_margin_last_edited=\u00bbon|desktop\u00bb custom_padding=\u00bb0px|0px|4px|0px|false|false\u00bb custom_padding_tablet=\u00bb0px|0px|4px|0px|false|false\u00bb custom_padding_phone=\u00bb0px|0px|4px|0px|false|false\u00bb animation_style=\u00bbslide\u00bb animation_direction=\u00bbbottom\u00bb global_colors_info=\u00bb{}\u00bb][et_pb_column type=\u00bb1_3&#8243; _builder_version=\u00bb4.16&#8243; custom_padding=\u00bb|||\u00bb global_colors_info=\u00bb{}\u00bb custom_padding__hover=\u00bb|||\u00bb][et_pb_text _builder_version=\u00bb4.25.1&#8243; custom_margin_tablet=\u00bb\u00bb custom_margin_phone=\u00bb30px||||false|false\u00bb custom_margin_last_edited=\u00bbon|phone\u00bb global_colors_info=\u00bb{}\u00bb]<\/p>\n<p><strong>Secciones<\/strong><br \/>Marco 70 mm, Hoja 46 mm<br \/>Acristalamiento<br \/>M\u00e1x. 28 mm, M\u00edn. 4 mm<br \/>Dimensiones m\u00e1x. hoja<br \/>Ventana:<br \/>Ancho (L) 1400 mm<br \/>Alto (H) 1800 mm<br \/>Balconera:<br \/>Ancho (L) 1800 mm<br \/>Alto (H) 2600 mm<\/p>\n<p><strong>Peso m\u00e1x. hoja<\/strong><br \/>70 kg Ventana<br \/>200 Kg Balconera<\/p>\n<p>[\/et_pb_text][\/et_pb_column][et_pb_column type=\u00bb1_3&#8243; _builder_version=\u00bb4.16&#8243; custom_padding=\u00bb|||\u00bb global_colors_info=\u00bb{}\u00bb custom_padding__hover=\u00bb|||\u00bb][et_pb_text _builder_version=\u00bb4.25.1&#8243; _module_preset=\u00bbdefault\u00bb global_colors_info=\u00bb{}\u00bb]<\/p>\n<p><strong>Transmitancia<\/strong> Uw \u2265 1,3 (W\/m\u00b2K)<br \/><strong>Aislamiento ac\u00fastico<\/strong> Rw hasta 38 dB<br \/><strong>Permeabilidad al aire<\/strong> Clase 4<br \/><strong>Estanqueidad al agua<\/strong> Clase 7A<br \/><strong>Resistencia al viento<\/strong> Clase C5<\/p>\n<p><strong> Apertura exterior<\/strong><br \/>Practicable (Puerta)<\/p>\n<p><strong>Aperturas<\/strong><br \/>\u00bb Dos hojas<br \/>\u00bb Tres hojas<br \/>\u00bb Cuatro hojas<br \/>\u00bb Seis hojas<\/p>\n<p><strong>Finishes<\/strong> <br \/>\u00bb Possibility of bicolour systems<br \/>\u00bb White<br \/>\u00bb Colour<br \/>\u00bb Wood effect<\/p>\n<p>[\/et_pb_text][\/et_pb_column][et_pb_column type=\u00bb1_3&#8243; _builder_version=\u00bb4.16&#8243; custom_padding=\u00bb|||\u00bb global_colors_info=\u00bb{}\u00bb custom_padding__hover=\u00bb|||\u00bb][et_pb_image src=\u00bbhttps:\/\/cerramientosnakiva.com\/wp-content\/uploads\/2024\/06\/MAL-Pan-High.jpg\u00bb alt=\u00bbMalaka-Pan-High\u00bb title_text=\u00bbMAL-Pan-High\u00bb _builder_version=\u00bb4.25.1&#8243; _module_preset=\u00bbdefault\u00bb max_width=\u00bb100%\u00bb height=\u00bb338px\u00bb custom_margin=\u00bb23px||||false|false\u00bb custom_margin_tablet=\u00bb23px||||false|false\u00bb custom_margin_phone=\u00bb-2px||||false|false\u00bb custom_margin_last_edited=\u00bbon|phone\u00bb global_colors_info=\u00bb{}\u00bb][\/et_pb_image][\/et_pb_column][\/et_pb_row][\/et_pb_section][et_pb_section fb_built=\u00bb1&#8243; _builder_version=\u00bb4.25.1&#8243; background_color=\u00bb#E02B20&#8243; background_image=\u00bbhttp:\/\/ach-gonar.com\/wp-content\/uploads\/2024\/05\/WT-Backg.jpg\u00bb max_height=\u00bb778px\u00bb custom_margin=\u00bb0px||||false|false\u00bb custom_margin_tablet=\u00bb\u00bb custom_margin_phone=\u00bb\u00bb custom_margin_last_edited=\u00bbon|phone\u00bb custom_padding=\u00bb72px|0px|4px|0px|false|false\u00bb top_divider_style=\u00bbasymmetric4&#8243; top_divider_color=\u00bb#FFFFFF\u00bb top_divider_height=\u00bb50px\u00bb bottom_divider_style=\u00bbasymmetric4&#8243; bottom_divider_color=\u00bb#FFFFFF\u00bb bottom_divider_height=\u00bb50px\u00bb locked=\u00bboff\u00bb global_colors_info=\u00bb{}\u00bb][et_pb_row _builder_version=\u00bb4.16&#8243; background_size=\u00bbinitial\u00bb background_position=\u00bbtop_left\u00bb background_repeat=\u00bbrepeat\u00bb custom_padding=\u00bb0px|0px|27px|0px\u00bb animation_style=\u00bbzoom\u00bb global_colors_info=\u00bb{}\u00bb][et_pb_column type=\u00bb4_4&#8243; _builder_version=\u00bb4.16&#8243; custom_padding=\u00bb|||\u00bb global_colors_info=\u00bb{}\u00bb custom_padding__hover=\u00bb|||\u00bb][et_pb_text _builder_version=\u00bb4.16&#8243; text_font=\u00bb||||||||\u00bb header_font=\u00bb||||||||\u00bb header_2_font=\u00bb|800|||||||\u00bb header_2_text_align=\u00bbcenter\u00bb header_2_font_size=\u00bb50px\u00bb background_layout=\u00bbdark\u00bb custom_margin=\u00bb||20px|\u00bb header_2_font_size_tablet=\u00bb\u00bb header_2_font_size_phone=\u00bb30px\u00bb header_2_font_size_last_edited=\u00bbon|phone\u00bb global_colors_info=\u00bb{}\u00bb]<\/p>\n<h2>Trabajemos juntos<\/h2>\n<p>[\/et_pb_text][et_pb_divider color=\u00bb#e0cd00&#8243; divider_position=\u00bbcenter\u00bb divider_weight=\u00bb7px\u00bb _builder_version=\u00bb4.16&#8243; max_width=\u00bb15%\u00bb module_alignment=\u00bbcenter\u00bb global_colors_info=\u00bb{}\u00bb][\/et_pb_divider][et_pb_text _builder_version=\u00bb4.25.1&#8243; text_font=\u00bb||||||||\u00bb text_font_size=\u00bb20px\u00bb text_line_height=\u00bb1.6em\u00bb text_orientation=\u00bbcenter\u00bb background_layout=\u00bbdark\u00bb max_width=\u00bb70%\u00bb max_width_tablet=\u00bb\u00bb max_width_phone=\u00bb\u00bb max_width_last_edited=\u00bbon|phone\u00bb module_alignment=\u00bbcenter\u00bb custom_padding=\u00bb||23px||false|false\u00bb global_colors_info=\u00bb{}\u00bb]<\/p>\n<p><strong>Dise\u00f1o<\/strong><\/p>\n<p><strong>Personalizaci\u00f3n<\/strong><\/p>\n<p><strong>Fabricaci\u00f3n<\/strong><\/p>\n<p>[\/et_pb_text][\/et_pb_column][\/et_pb_row][\/et_pb_section]<\/p>\n","protected":false},"excerpt":{"rendered":"<p>CorrederaSN MALAKA (Panoramic)Sistema de ventana y balconera\u00a0correderas de 70 mm de profundidad de marco con un\u00a0\u00f3ptimo rendimiento t\u00e9rmico y ac\u00fastico.\u00a0Posibilidad de nudo central minimalista de 30 mm.Posibilidades\u00bb Herraje de seguridad\u00bb AccesibilidadSeccionesMarco 70 mm, Hoja 46 mmAcristalamientoM\u00e1x. 28 mm, M\u00edn. 4 mmDimensiones m\u00e1x. hojaVentana:Ancho (L) 1400 mmAlto (H) 1800 mmBalconera:Ancho (L) 1800 mmAlto (H) 2600 mm [&hellip;]<\/p>\n","protected":false},"author":1,"featured_media":0,"parent":0,"menu_order":0,"comment_status":"closed","ping_status":"closed","template":"","meta":{"_et_pb_use_builder":"on","_et_pb_old_content":"","_et_gb_content_width":"","inline_featured_image":false,"footnotes":""},"class_list":["post-244960","page","type-page","status-publish","hentry"],"_links":{"self":[{"href":"https:\/\/cerramientosnakiva.com\/index.php\/wp-json\/wp\/v2\/pages\/244960","targetHints":{"allow":["GET"]}}],"collection":[{"href":"https:\/\/cerramientosnakiva.com\/index.php\/wp-json\/wp\/v2\/pages"}],"about":[{"href":"https:\/\/cerramientosnakiva.com\/index.php\/wp-json\/wp\/v2\/types\/page"}],"author":[{"embeddable":true,"href":"https:\/\/cerramientosnakiva.com\/index.php\/wp-json\/wp\/v2\/users\/1"}],"replies":[{"embeddable":true,"href":"https:\/\/cerramientosnakiva.com\/index.php\/wp-json\/wp\/v2\/comments?post=244960"}],"version-history":[{"count":14,"href":"https:\/\/cerramientosnakiva.com\/index.php\/wp-json\/wp\/v2\/pages\/244960\/revisions"}],"predecessor-version":[{"id":246385,"href":"https:\/\/cerramientosnakiva.com\/index.php\/wp-json\/wp\/v2\/pages\/244960\/revisions\/246385"}],"wp:attachment":[{"href":"https:\/\/cerramientosnakiva.com\/index.php\/wp-json\/wp\/v2\/media?parent=244960"}],"curies":[{"name":"wp","href":"https:\/\/api.w.org\/{rel}","templated":true}]}}