{"id":243950,"date":"2024-05-28T10:45:02","date_gmt":"2024-05-28T08:45:02","guid":{"rendered":"https:\/\/ach-gonar.com\/?page_id=243950"},"modified":"2024-06-17T16:05:12","modified_gmt":"2024-06-17T14:05:12","slug":"cor-70-hoja-oculta","status":"publish","type":"page","link":"https:\/\/cerramientosnakiva.com\/index.php\/cor-70-hoja-oculta\/","title":{"rendered":"COR70 (Hoja Oculta)"},"content":{"rendered":"<p>[et_pb_section fb_built=\u00bb1&#8243; _builder_version=\u00bb4.25.1&#8243; background_image=\u00bbhttp:\/\/ach-gonar.com\/wp-content\/uploads\/2024\/05\/FondoC70HO.jpg\u00bb parallax=\u00bbon\u00bb parallax_method=\u00bboff\u00bb bottom_divider_style=\u00bbarrow2&#8243; bottom_divider_color=\u00bb#ffffff\u00bb bottom_divider_height_tablet=\u00bb\u00bb bottom_divider_height_phone=\u00bb63px\u00bb bottom_divider_height_last_edited=\u00bbon|phone\u00bb global_colors_info=\u00bb{}\u00bb][et_pb_row custom_padding_last_edited=\u00bbon|phone\u00bb _builder_version=\u00bb4.25.1&#8243; background_size=\u00bbinitial\u00bb background_position=\u00bbtop_left\u00bb background_repeat=\u00bbrepeat\u00bb custom_padding=\u00bb50px|0px|60px|0px\u00bb custom_padding_tablet=\u00bb50px|0px|60px|0px\u00bb custom_padding_phone=\u00bb12px||6px||false|false\u00bb global_colors_info=\u00bb{}\u00bb][et_pb_column type=\u00bb4_4&#8243; _builder_version=\u00bb4.16&#8243; custom_padding=\u00bb|||\u00bb global_colors_info=\u00bb{}\u00bb custom_padding__hover=\u00bb|||\u00bb][et_pb_text disabled_on=\u00bboff|off|off\u00bb admin_label=\u00bbAbisagrada\u00bb _builder_version=\u00bb4.25.1&#8243; text_font=\u00bb|800|||||||\u00bb text_text_color=\u00bbrgba(127,175,208,0.25)\u00bb text_font_size=\u00bb100px\u00bb header_font=\u00bb||||||||\u00bb text_orientation=\u00bbcenter\u00bb custom_margin=\u00bb||-7px|\u00bb animation_style=\u00bbzoom\u00bb text_font_size_tablet=\u00bb100px\u00bb text_font_size_phone=\u00bb25px\u00bb text_font_size_last_edited=\u00bbon|phone\u00bb global_colors_info=\u00bb{}\u00bb]<\/p>\n<p><span style=\"color: #333333;\">Abisagrada<\/span><\/p>\n<p>[\/et_pb_text][et_pb_text admin_label=\u00bbCOR70 HOJA OCULTA\u00bb _builder_version=\u00bb4.25.1&#8243; text_font=\u00bb||||||||\u00bb header_font=\u00bb||||||||\u00bb header_2_font=\u00bb|800|||||||\u00bb header_2_text_align=\u00bbcenter\u00bb header_2_text_color=\u00bb#ffffff\u00bb header_2_font_size=\u00bb60px\u00bb background_layout=\u00bbdark\u00bb custom_margin=\u00bb||20px|\u00bb animation_style=\u00bbslide\u00bb animation_direction=\u00bbbottom\u00bb header_2_font_size_tablet=\u00bb\u00bb header_2_font_size_phone=\u00bb30px\u00bb header_2_font_size_last_edited=\u00bbon|phone\u00bb header_2_text_shadow_style=\u00bbpreset2&#8243; header_2_text_shadow_horizontal_length=\u00bb0em\u00bb header_2_text_shadow_vertical_length=\u00bb0.1em\u00bb header_2_text_shadow_blur_strength=\u00bb0.1em\u00bb header_2_text_shadow_color=\u00bbrgba(0,0,0,0.3)\u00bb global_colors_info=\u00bb{}\u00bb]<\/p>\n<h2><span style=\"color: #ffffff;\">COR70 HOJA OCULTA<\/span><\/h2>\n<p>[\/et_pb_text][et_pb_button button_url=\u00bbhttps:\/\/cerramientosnakiva.com\/wp-content\/uploads\/2024\/05\/C70HO-NK-FT.pdf\u00bb url_new_window=\u00bbon\u00bb button_text=\u00bbFicha T\u00e9cnica\u00bb button_alignment=\u00bbcenter\u00bb module_class=\u00bbdownload-button\u00bb _builder_version=\u00bb4.25.1&#8243; custom_button=\u00bbon\u00bb button_text_size=\u00bb18px\u00bb button_text_color=\u00bb#ffffff\u00bb button_bg_use_color_gradient=\u00bbon\u00bb button_bg_color_gradient_direction=\u00bb135deg\u00bb button_bg_color_gradient_stops=\u00bb#e0cd00 0%|#d68e00 100%\u00bb button_bg_color_gradient_start=\u00bb#e0cd00&#8243; button_bg_color_gradient_end=\u00bb#d68e00&#8243; button_border_width=\u00bb0px\u00bb button_border_radius=\u00bb42px\u00bb button_letter_spacing=\u00bb1px\u00bb button_font=\u00bb|700||on|||||\u00bb button_use_icon=\u00bboff\u00bb custom_margin=\u00bb25px|||\u00bb custom_padding=\u00bb|25px||25px\u00bb animation_style=\u00bbzoom\u00bb hover_enabled=\u00bb0&#8243; box_shadow_style=\u00bbpreset1&#8243; box_shadow_blur=\u00bb35px\u00bb box_shadow_color=\u00bbrgba(0,0,0,0.38)\u00bb button_text_color_hover=\u00bb#1e5096&#8243; global_colors_info=\u00bb{}\u00bb button_text_size__hover_enabled=\u00bboff\u00bb button_one_text_size__hover_enabled=\u00bboff\u00bb button_two_text_size__hover_enabled=\u00bboff\u00bb button_text_color__hover_enabled=\u00bbon\u00bb button_text_color__hover=\u00bb#1e5096&#8243; button_one_text_color__hover_enabled=\u00bboff\u00bb button_two_text_color__hover_enabled=\u00bboff\u00bb button_border_width__hover_enabled=\u00bboff\u00bb button_one_border_width__hover_enabled=\u00bboff\u00bb button_two_border_width__hover_enabled=\u00bboff\u00bb button_border_color__hover_enabled=\u00bboff\u00bb button_one_border_color__hover_enabled=\u00bboff\u00bb button_two_border_color__hover_enabled=\u00bboff\u00bb button_border_radius__hover_enabled=\u00bboff\u00bb button_one_border_radius__hover_enabled=\u00bboff\u00bb button_two_border_radius__hover_enabled=\u00bboff\u00bb button_letter_spacing__hover_enabled=\u00bboff\u00bb button_one_letter_spacing__hover_enabled=\u00bboff\u00bb button_two_letter_spacing__hover_enabled=\u00bboff\u00bb button_bg_color__hover_enabled=\u00bboff\u00bb button_one_bg_color__hover_enabled=\u00bboff\u00bb button_two_bg_color__hover_enabled=\u00bboff\u00bb sticky_enabled=\u00bb0&#8243;][\/et_pb_button][\/et_pb_column][\/et_pb_row][\/et_pb_section][et_pb_section fb_built=\u00bb1&#8243; custom_padding_last_edited=\u00bbon|phone\u00bb _builder_version=\u00bb4.25.1&#8243; background_color=\u00bb#ffffff\u00bb custom_padding=\u00bb61px|0px|51px|0px|false|false\u00bb custom_padding_tablet=\u00bb\u00bb custom_padding_phone=\u00bb||24px||false|false\u00bb top_divider_color=\u00bb#f5f5f5&#8243; bottom_divider_color=\u00bb#6B6B6B\u00bb bottom_divider_height=\u00bb50px\u00bb bottom_divider_flip=\u00bbvertical\u00bb bottom_divider_height_tablet=\u00bb\u00bb bottom_divider_height_phone=\u00bb40px\u00bb bottom_divider_height_last_edited=\u00bbon|phone\u00bb global_colors_info=\u00bb{}\u00bb][et_pb_row column_structure=\u00bb2_3,1_3&#8243; custom_padding_last_edited=\u00bbon|phone\u00bb _builder_version=\u00bb4.16&#8243; background_size=\u00bbinitial\u00bb background_position=\u00bbtop_left\u00bb background_repeat=\u00bbrepeat\u00bb custom_padding=\u00bb0px|0px|45px|0px\u00bb custom_padding_tablet=\u00bb\u00bb custom_padding_phone=\u00bb||0px|\u00bb global_colors_info=\u00bb{}\u00bb][et_pb_column type=\u00bb2_3&#8243; _builder_version=\u00bb4.16&#8243; custom_padding=\u00bb|||\u00bb global_colors_info=\u00bb{}\u00bb custom_padding__hover=\u00bb|||\u00bb][et_pb_text _builder_version=\u00bb4.25.1&#8243; text_font=\u00bb||||||||\u00bb text_font_size=\u00bb20px\u00bb text_line_height=\u00bb1.78em\u00bb header_font=\u00bb||||||||\u00bb header_2_font=\u00bb|800|||||||\u00bb header_2_text_color=\u00bb#1e5096&#8243; header_2_font_size=\u00bb36px\u00bb custom_margin=\u00bb||20px|\u00bb animation_style=\u00bbslide\u00bb animation_direction=\u00bbbottom\u00bb header_2_font_size_tablet=\u00bb\u00bb header_2_font_size_phone=\u00bb30px\u00bb header_2_font_size_last_edited=\u00bbon|phone\u00bb global_colors_info=\u00bb{}\u00bb]<\/p>\n<p>No es un <strong>cuadro<\/strong>, es una ventana. Presenta una <strong>secci\u00f3n<\/strong> vista de tan solo <strong>66 mm<\/strong> y permite incorporar la manilla <strong>ARCH INVISIBLE<\/strong>, pudiendo ocultarse tambi\u00e9n las bisagras y la soluci\u00f3n de drenaje. De este modo, se prescinde de cualquier elemento que rompa la<strong> armon\u00eda visual<\/strong> del conjunto.<\/p>\n<p>[\/et_pb_text][et_pb_text content_tablet=\u00bb<\/p>\n<p><strong>Posibilidades<\/strong><br \/>\u00bb Accesibilidad<br \/>\u00bb Herraje de seguridad<br \/>\u00bb Drenaje oculto<\/p>\n<p>\u00bb content_phone=\u00bb<\/p>\n<p style=%22text-align: center;%22><strong>Posibilidades<\/strong><br \/>\u00bb Accesibilidad<br \/>\u00bb Herraje de seguridad<br \/>\u00bb Drenaje oculto<\/p>\n<p>\u00bb content_last_edited=\u00bbon|phone\u00bb _builder_version=\u00bb4.25.1&#8243; text_font=\u00bb||||||||\u00bb text_font_size=\u00bb20px\u00bb text_line_height=\u00bb1.78em\u00bb header_font=\u00bb||||||||\u00bb header_2_font=\u00bb|800|||||||\u00bb header_2_text_color=\u00bb#1e5096&#8243; header_2_font_size=\u00bb36px\u00bb custom_margin=\u00bb||20px|\u00bb animation_style=\u00bbslide\u00bb animation_direction=\u00bbbottom\u00bb header_2_font_size_tablet=\u00bb\u00bb header_2_font_size_phone=\u00bb30px\u00bb header_2_font_size_last_edited=\u00bbon|phone\u00bb global_colors_info=\u00bb{}\u00bb]<\/p>\n<p><strong>Posibilidades<\/strong><br \/><span>\u00bb Herraje de seguridad<\/span><br \/><span>\u00bb Herraje oculto<\/span><br \/><span>\u00bb Drenaje oculto<\/span><br \/><span>\u00bb Manilla oculta<\/span><\/p>\n<p>[\/et_pb_text][et_pb_divider color=\u00bb#e0cd00&#8243; divider_position=\u00bbcenter\u00bb divider_weight=\u00bb7px\u00bb _builder_version=\u00bb4.25.1&#8243; max_width=\u00bb15%\u00bb module_alignment=\u00bbleft\u00bb height=\u00bb40px\u00bb animation_style=\u00bbslide\u00bb animation_direction=\u00bbleft\u00bb module_alignment_tablet=\u00bbleft\u00bb module_alignment_phone=\u00bbcenter\u00bb module_alignment_last_edited=\u00bbon|phone\u00bb global_colors_info=\u00bb{}\u00bb][\/et_pb_divider][\/et_pb_column][et_pb_column type=\u00bb1_3&#8243; _builder_version=\u00bb4.16&#8243; custom_padding=\u00bb|||\u00bb global_colors_info=\u00bb{}\u00bb custom_padding__hover=\u00bb|||\u00bb][et_pb_image src=\u00bbhttp:\/\/ach-gonar.com\/wp-content\/uploads\/2024\/05\/CodoC70HO.png\u00bb alt=\u00bbCor70HojaOculta\u00bb title_text=\u00bbCodoC70HO\u00bb align=\u00bbcenter\u00bb _builder_version=\u00bb4.25.1&#8243; _module_preset=\u00bbdefault\u00bb height=\u00bb387px\u00bb global_colors_info=\u00bb{}\u00bb][\/et_pb_image][\/et_pb_column][\/et_pb_row][et_pb_row column_structure=\u00bb1_3,1_3,1_3&#8243; _builder_version=\u00bb4.25.1&#8243; background_size=\u00bbinitial\u00bb background_position=\u00bbtop_left\u00bb background_repeat=\u00bbrepeat\u00bb custom_margin_tablet=\u00bb\u00bb custom_margin_phone=\u00bb32px||||false|false\u00bb custom_margin_last_edited=\u00bbon|phone\u00bb custom_padding=\u00bb0px|0px|0px|0px|true|false\u00bb animation_style=\u00bbslide\u00bb animation_direction=\u00bbbottom\u00bb global_colors_info=\u00bb{}\u00bb][et_pb_column type=\u00bb1_3&#8243; _builder_version=\u00bb4.16&#8243; custom_padding=\u00bb|||\u00bb global_colors_info=\u00bb{}\u00bb custom_padding__hover=\u00bb|||\u00bb][et_pb_text _builder_version=\u00bb4.25.1&#8243; global_colors_info=\u00bb{}\u00bb]<\/p>\n<p><strong>Secciones<\/strong><br \/>Marco: 70 mm<br \/>Hoja: 70 mm<br \/><strong>Acristalamiento<\/strong><br \/>M\u00e1x. 40 mm \/ Min. 26 mm<\/p>\n<p>M\u00e1ximo <strong>aislamiento ac\u00fastico<\/strong>:<br \/>Rw=46 dB<\/p>\n<p><strong>Dimensiones m\u00e1x. hoja<\/strong><br \/>Ancho (L) 1300 mm<br \/>Alto (H) 2400 mm<\/p>\n<p><strong>Peso m\u00e1x. hoja<\/strong><br \/>160 kg<\/p>\n<p>Triple <strong>junta<\/strong> de EPDM<\/p>\n<p><strong>Espesor de perfiler\u00eda<\/strong><br \/><span>Ventana 1,9 mm<\/span><\/p>\n<p><span>Mayor <strong>superficie acristalada<\/strong><br \/>Mayor <strong>luminosidad<\/strong><\/span><\/p>\n<p>[\/et_pb_text][\/et_pb_column][et_pb_column type=\u00bb1_3&#8243; _builder_version=\u00bb4.16&#8243; custom_padding=\u00bb|||\u00bb global_colors_info=\u00bb{}\u00bb custom_padding__hover=\u00bb|||\u00bb][et_pb_text _builder_version=\u00bb4.25.1&#8243; _module_preset=\u00bbdefault\u00bb custom_padding=\u00bb0px|||||\u00bb global_colors_info=\u00bb{}\u00bb]<\/p>\n<p><strong>Transmitancia<\/strong><br \/>Uw \u2265 1,0 (W\/m2K)<br \/>Consultar tipolog\u00eda, dimensi\u00f3n y vidrio<\/p>\n<p><strong>Permeabilidad al aire<\/strong><br \/>(UNE-EN 12207) Clase 4<\/p>\n<p><strong>Estanqueidad al agua<\/strong><br \/>(UNE-EN 12208) Clase E1650<\/p>\n<p><strong>Resistencia al viento<\/strong><br \/>(UNE-EN 12210) Clase C5<\/p>\n<p><strong>Apertura interior<\/strong><br \/><span>\u00bb Practicable<\/span><br \/><span>\u00bb Oscilobatiente<\/span><br \/><span>\u00bb Abatible<\/span><\/p>\n<p style=\"text-align: left;\"><span>Sistema de ventana <strong>convencional<\/strong> y <strong>abisagrada<\/strong> que nace con el objetivo de responder a las <strong>exigencias arquitect\u00f3nica<\/strong>s de una carpinter\u00eda econ\u00f3mica, de calidad y vers\u00e1til.<\/span><\/p>\n<p>[\/et_pb_text][\/et_pb_column][et_pb_column type=\u00bb1_3&#8243; _builder_version=\u00bb4.16&#8243; custom_padding=\u00bb|||\u00bb global_colors_info=\u00bb{}\u00bb custom_padding__hover=\u00bb|||\u00bb][et_pb_image src=\u00bbhttp:\/\/ach-gonar.com\/wp-content\/uploads\/2024\/05\/C70HO-HW.jpg\u00bb alt=\u00bbC70HO-HW2&#8243; title_text=\u00bbC70HO-HW\u00bb _builder_version=\u00bb4.25.1&#8243; _module_preset=\u00bbdefault\u00bb width=\u00bb100%\u00bb max_width=\u00bb100%\u00bb min_height=\u00bb80%\u00bb height=\u00bb450px\u00bb max_height=\u00bb770px\u00bb global_colors_info=\u00bb{}\u00bb][\/et_pb_image][\/et_pb_column][\/et_pb_row][et_pb_row column_structure=\u00bb1_2,1_2&#8243; _builder_version=\u00bb4.25.1&#8243; _module_preset=\u00bbdefault\u00bb custom_margin=\u00bb|||101px|false|false\u00bb module_alignment_tablet=\u00bb\u00bb module_alignment_phone=\u00bbcenter\u00bb module_alignment_last_edited=\u00bbon|phone\u00bb global_colors_info=\u00bb{}\u00bb][et_pb_column type=\u00bb1_2&#8243; _builder_version=\u00bb4.25.1&#8243; _module_preset=\u00bbdefault\u00bb global_colors_info=\u00bb{}\u00bb][et_pb_image src=\u00bbhttp:\/\/ach-gonar.com\/wp-content\/uploads\/2024\/05\/ManOcult-Cor70.jpg\u00bb alt=\u00bbCor70Evol-ManOcul\u00bb title_text=\u00bbManOcult-Cor70&#8243; _builder_version=\u00bb4.25.1&#8243; _module_preset=\u00bbdefault\u00bb max_width=\u00bb86%\u00bb max_width_tablet=\u00bb63%\u00bb max_width_phone=\u00bb100%\u00bb max_width_last_edited=\u00bbon|phone\u00bb module_alignment=\u00bbcenter\u00bb custom_margin=\u00bb|0px|||false|false\u00bb custom_padding=\u00bb|0px|||false|false\u00bb global_colors_info=\u00bb{}\u00bb][\/et_pb_image][\/et_pb_column][et_pb_column type=\u00bb1_2&#8243; _builder_version=\u00bb4.25.1&#8243; _module_preset=\u00bbdefault\u00bb global_colors_info=\u00bb{}\u00bb][et_pb_text _builder_version=\u00bb4.25.1&#8243; _module_preset=\u00bbdefault\u00bb custom_padding=\u00bb0px||||false|false\u00bb global_colors_info=\u00bb{}\u00bb]<\/p>\n<p><strong>MANILLA ARCH INVISIBLE<\/strong><\/p>\n<p>Manilla <strong>imperceptible<\/strong> a la vista frontal que queda <strong>completamente integrada<\/strong> al marco de aluminio por la parte de la hoja.<br \/>Tiene una <strong>est\u00e9tica minimalista<\/strong> y limpia puesto que al ser <strong>imperceptible<\/strong> frontalmente parece que se trate de un elemento fijo, cuando en realidad se trata de una ventana practicable u oscilobatiente.<br \/>Manilla mucho <strong>m\u00e1s ergon\u00f3mica<\/strong>, de gran <strong>robustez y facilidad de uso<\/strong> en la hora de abrir y cerrar la ventana.<\/p>\n<p><strong>Dimensiones:<\/strong> 27,5 (L) mm x 234 (H) mm<\/p>\n<p>[\/et_pb_text][\/et_pb_column][\/et_pb_row][et_pb_row column_structure=\u00bb1_2,1_2&#8243; _builder_version=\u00bb4.25.1&#8243; _module_preset=\u00bbdefault\u00bb custom_margin=\u00bb|||101px|false|false\u00bb custom_margin_tablet=\u00bb|||101px|false|false\u00bb custom_margin_phone=\u00bb-17px||||false|false\u00bb custom_margin_last_edited=\u00bbon|phone\u00bb module_alignment_tablet=\u00bb\u00bb module_alignment_phone=\u00bbcenter\u00bb module_alignment_last_edited=\u00bbon|phone\u00bb global_colors_info=\u00bb{}\u00bb][et_pb_column type=\u00bb1_2&#8243; _builder_version=\u00bb4.25.1&#8243; _module_preset=\u00bbdefault\u00bb global_colors_info=\u00bb{}\u00bb][et_pb_text _builder_version=\u00bb4.25.1&#8243; _module_preset=\u00bbdefault\u00bb text_orientation=\u00bbcenter\u00bb custom_padding=\u00bb0px||||false|false\u00bb global_colors_info=\u00bb{}\u00bb]<\/p>\n<p><strong>HERRAJES CON BISAGRAS OCULTAS<\/strong><\/p>\n<p>Herraje <strong>est\u00e9tico<\/strong> de montaje sencillo y <strong>completamente ocult<\/strong>o, puesto que permite que no se perciba, en modo alguno, la presencia de bisagras.<\/p>\n<p>Esta caracter\u00edstica convierte a esta soluci\u00f3n en la <strong>opci\u00f3n perfecta<\/strong> para proyectos que requieran una <strong>est\u00e9tica<\/strong> innovadora y<strong> minimalista<\/strong>, en consonancia con las tendencias de dise\u00f1o m\u00e1s actuales.<\/p>\n<p><span>Este accesorio se podr\u00e1 integrar en ventanales con <strong>aperturas oscilobatiente<\/strong>, practicable y abatible, pudiendo ser regulado <strong>tridimensionalmente<\/strong>.<\/span><\/p>\n<p>[\/et_pb_text][\/et_pb_column][et_pb_column type=\u00bb1_2&#8243; _builder_version=\u00bb4.25.1&#8243; _module_preset=\u00bbdefault\u00bb global_colors_info=\u00bb{}\u00bb][et_pb_image src=\u00bbhttp:\/\/ach-gonar.com\/wp-content\/uploads\/2024\/05\/HOC70-HO.jpg\u00bb alt=\u00bbHerrajeOcultoC70&#8243; title_text=\u00bbHOC70-HO\u00bb align=\u00bbcenter\u00bb _builder_version=\u00bb4.25.1&#8243; _module_preset=\u00bbdefault\u00bb max_width=\u00bb86%\u00bb max_width_tablet=\u00bb63%\u00bb max_width_phone=\u00bb100%\u00bb max_width_last_edited=\u00bbon|phone\u00bb module_alignment=\u00bbright\u00bb height=\u00bb337px\u00bb custom_margin=\u00bb|0px|||false|false\u00bb custom_margin_tablet=\u00bb|0px|||false|false\u00bb custom_margin_phone=\u00bb||24px||false|false\u00bb custom_margin_last_edited=\u00bbon|phone\u00bb custom_padding=\u00bb|0px|||false|false\u00bb global_colors_info=\u00bb{}\u00bb][\/et_pb_image][\/et_pb_column][\/et_pb_row][\/et_pb_section][et_pb_section fb_built=\u00bb1&#8243; prev_background_color=\u00bb#ffffff\u00bb _builder_version=\u00bb4.25.1&#8243; background_color=\u00bb#6B6B6B\u00bb background_image=\u00bbhttp:\/\/ach-gonar.com\/wp-content\/uploads\/2024\/05\/FondoTrab-Gris.jpg\u00bb height=\u00bb383px\u00bb custom_margin_tablet=\u00bb\u00bb custom_margin_phone=\u00bb\u00bb custom_margin_last_edited=\u00bbon|phone\u00bb custom_padding=\u00bb18px|0px|0px|0px|false|false\u00bb top_divider_style=\u00bbasymmetric\u00bb top_divider_height=\u00bb40px\u00bb top_divider_flip=\u00bbvertical|horizontal\u00bb top_divider_style_tablet=\u00bbasymmetric\u00bb top_divider_style_phone=\u00bbasymmetric\u00bb top_divider_style_last_edited=\u00bbon|phone\u00bb global_colors_info=\u00bb{}\u00bb][et_pb_row _builder_version=\u00bb4.25.1&#8243; background_size=\u00bbinitial\u00bb background_position=\u00bbtop_left\u00bb background_repeat=\u00bbrepeat\u00bb custom_margin=\u00bb65px||||false|false\u00bb custom_padding=\u00bb0px|0px|27px|0px\u00bb animation_style=\u00bbzoom\u00bb global_colors_info=\u00bb{}\u00bb][et_pb_column type=\u00bb4_4&#8243; _builder_version=\u00bb4.16&#8243; custom_padding=\u00bb|||\u00bb global_colors_info=\u00bb{}\u00bb custom_padding__hover=\u00bb|||\u00bb][et_pb_text _builder_version=\u00bb4.16&#8243; text_font=\u00bb||||||||\u00bb header_font=\u00bb||||||||\u00bb header_2_font=\u00bb|800|||||||\u00bb header_2_text_align=\u00bbcenter\u00bb header_2_font_size=\u00bb50px\u00bb background_layout=\u00bbdark\u00bb custom_margin=\u00bb||20px|\u00bb header_2_font_size_tablet=\u00bb\u00bb header_2_font_size_phone=\u00bb30px\u00bb header_2_font_size_last_edited=\u00bbon|phone\u00bb global_colors_info=\u00bb{}\u00bb]<\/p>\n<h2>Trabajemos juntos<\/h2>\n<p>[\/et_pb_text][et_pb_divider color=\u00bb#e0cd00&#8243; divider_position=\u00bbcenter\u00bb divider_weight=\u00bb7px\u00bb _builder_version=\u00bb4.16&#8243; max_width=\u00bb15%\u00bb module_alignment=\u00bbcenter\u00bb global_colors_info=\u00bb{}\u00bb][\/et_pb_divider][et_pb_text _builder_version=\u00bb4.25.1&#8243; text_font=\u00bb||||||||\u00bb text_font_size=\u00bb20px\u00bb text_line_height=\u00bb1.6em\u00bb text_orientation=\u00bbcenter\u00bb background_layout=\u00bbdark\u00bb max_width=\u00bb70%\u00bb max_width_tablet=\u00bb\u00bb max_width_phone=\u00bb\u00bb max_width_last_edited=\u00bbon|phone\u00bb module_alignment=\u00bbcenter\u00bb global_colors_info=\u00bb{}\u00bb]<\/p>\n<p><strong>Dise\u00f1o<\/strong><\/p>\n<p><strong>Personalizaci\u00f3n<\/strong><\/p>\n<p><strong>Fabricaci\u00f3n<\/strong><\/p>\n<p>[\/et_pb_text][\/et_pb_column][\/et_pb_row][\/et_pb_section]<\/p>\n","protected":false},"excerpt":{"rendered":"<p>AbisagradaCOR70 HOJA OCULTANo es un cuadro, es una ventana. Presenta una secci\u00f3n vista de tan solo 66 mm y permite incorporar la manilla ARCH INVISIBLE, pudiendo ocultarse tambi\u00e9n las bisagras y la soluci\u00f3n de drenaje. De este modo, se prescinde de cualquier elemento que rompa la armon\u00eda visual del conjunto.Posibilidades\u00bb Herraje de seguridad\u00bb Herraje oculto\u00bb [&hellip;]<\/p>\n","protected":false},"author":1,"featured_media":0,"parent":0,"menu_order":0,"comment_status":"closed","ping_status":"closed","template":"","meta":{"_et_pb_use_builder":"on","_et_pb_old_content":"","_et_gb_content_width":"","inline_featured_image":false,"footnotes":""},"class_list":["post-243950","page","type-page","status-publish","hentry"],"_links":{"self":[{"href":"https:\/\/cerramientosnakiva.com\/index.php\/wp-json\/wp\/v2\/pages\/243950","targetHints":{"allow":["GET"]}}],"collection":[{"href":"https:\/\/cerramientosnakiva.com\/index.php\/wp-json\/wp\/v2\/pages"}],"about":[{"href":"https:\/\/cerramientosnakiva.com\/index.php\/wp-json\/wp\/v2\/types\/page"}],"author":[{"embeddable":true,"href":"https:\/\/cerramientosnakiva.com\/index.php\/wp-json\/wp\/v2\/users\/1"}],"replies":[{"embeddable":true,"href":"https:\/\/cerramientosnakiva.com\/index.php\/wp-json\/wp\/v2\/comments?post=243950"}],"version-history":[{"count":26,"href":"https:\/\/cerramientosnakiva.com\/index.php\/wp-json\/wp\/v2\/pages\/243950\/revisions"}],"predecessor-version":[{"id":244796,"href":"https:\/\/cerramientosnakiva.com\/index.php\/wp-json\/wp\/v2\/pages\/243950\/revisions\/244796"}],"wp:attachment":[{"href":"https:\/\/cerramientosnakiva.com\/index.php\/wp-json\/wp\/v2\/media?parent=243950"}],"curies":[{"name":"wp","href":"https:\/\/api.w.org\/{rel}","templated":true}]}}